{"id":3539,"date":"2023-10-31T08:32:21","date_gmt":"2023-10-31T06:32:21","guid":{"rendered":"https:\/\/nero.wprod.cpn.fi\/information\/dataskydd\/"},"modified":"2024-06-07T15:51:30","modified_gmt":"2024-06-07T12:51:30","slug":"dataskydd","status":"publish","type":"page","link":"https:\/\/laakarikeskusnero.fi\/sv\/information\/dataskydd\/","title":{"rendered":"Dataskydd"},"content":{"rendered":"\t\t<div data-elementor-type=\"wp-page\" data-elementor-id=\"3539\" class=\"elementor elementor-3539 elementor-3\" data-elementor-post-type=\"page\">\n\t\t\t\t<div class=\"elementor-element elementor-element-22001fbd e-con-full e-flex e-con e-parent\" data-id=\"22001fbd\" data-element_type=\"container\" data-e-type=\"container\" data-settings=\"{&quot;background_background&quot;:&quot;classic&quot;}\">\n\t\t<div class=\"elementor-element elementor-element-67f4add3 e-con-full e-flex e-con e-child\" data-id=\"67f4add3\" data-element_type=\"container\" data-e-type=\"container\" data-settings=\"{&quot;background_background&quot;:&quot;classic&quot;}\">\n\t\t\t\t<div class=\"elementor-element elementor-element-70179cc elementor-widget elementor-widget-heading\" data-id=\"70179cc\" data-element_type=\"widget\" data-e-type=\"widget\" data-widget_type=\"heading.default\">\n\t\t\t\t<div class=\"elementor-widget-container\">\n\t\t\t\t\t<h1 class=\"elementor-heading-title elementor-size-default\">Dataskydds&shy;beskrivning<\/h1>\t\t\t\t<\/div>\n\t\t\t\t<\/div>\n\t\t\t\t<div class=\"elementor-element elementor-element-194ad3da elementor-widget elementor-widget-text-editor\" data-id=\"194ad3da\" data-element_type=\"widget\" data-e-type=\"widget\" data-widget_type=\"text-editor.default\">\n\t\t\t\t<div class=\"elementor-widget-container\">\n\t\t\t\t\t\t\t\t\t<p>Enligt EU:s allm\u00e4nna dataskyddsf\u00f6rordning har alla r\u00e4tt att best\u00e4mma om anv\u00e4ndningen av sina egna personuppgifter.<\/p><p>Enligt EU:s allm\u00e4nna dataskyddsf\u00f6rordning ska alla kunna p\u00e5verka hur f\u00f6retag behandlar de personuppgifter de samlar in. F\u00f6rordningen g\u00e4ller givetvis \u00e4ven f\u00f6r L\u00e4\u00e4k\u00e4rikeskus Nero.<\/p>\t\t\t\t\t\t\t\t<\/div>\n\t\t\t\t<\/div>\n\t\t\t\t<\/div>\n\t\t<div class=\"elementor-element elementor-element-25925466 e-con-full e-flex e-con e-child\" data-id=\"25925466\" data-element_type=\"container\" data-e-type=\"container\" data-settings=\"{&quot;background_background&quot;:&quot;classic&quot;}\">\n\t\t\t\t<\/div>\n\t\t\t\t<\/div>\n\t\t<div class=\"elementor-element elementor-element-717666ce e-flex e-con-boxed e-con e-parent\" data-id=\"717666ce\" data-element_type=\"container\" data-e-type=\"container\">\n\t\t\t\t\t<div class=\"e-con-inner\">\n\t\t<div class=\"elementor-element elementor-element-51d80601 e-flex e-con-boxed e-con e-child\" data-id=\"51d80601\" data-element_type=\"container\" data-e-type=\"container\">\n\t\t\t\t\t<div class=\"e-con-inner\">\n\t\t\t\t<div class=\"elementor-element elementor-element-90cae4a elementor-widget elementor-widget-heading\" data-id=\"90cae4a\" data-element_type=\"widget\" data-e-type=\"widget\" data-widget_type=\"heading.default\">\n\t\t\t\t<div class=\"elementor-widget-container\">\n\t\t\t\t\t<h2 class=\"elementor-heading-title elementor-size-default\">Europeiska unionens allm\u00e4nna dataskyddsf\u00f6rordning<\/h2>\t\t\t\t<\/div>\n\t\t\t\t<\/div>\n\t\t\t\t<div class=\"elementor-element elementor-element-6268f9e3 elementor-widget elementor-widget-text-editor\" data-id=\"6268f9e3\" data-element_type=\"widget\" data-e-type=\"widget\" data-widget_type=\"text-editor.default\">\n\t\t\t\t<div class=\"elementor-widget-container\">\n\t\t\t\t\t\t\t\t\t<ul><li>Ger m\u00e4nniskor r\u00e4tt att best\u00e4mma om anv\u00e4ndningen av sina egna personuppgifter och det s\u00e5 kallade digitala fotavtrycket som m\u00f6jligg\u00f6r identifiering.<\/li><li>F\u00f6renar regler och f\u00f6renklar aff\u00e4rspraxis p\u00e5 EU:s gemensamma marknad.<\/li><li>F\u00f6rpliktar organisationer att behandla personuppgifter p\u00e5 l\u00e4mpligt s\u00e4tt.<\/li><\/ul><h3>Kundinformation som anv\u00e4nds av L\u00e4\u00e4k\u00e4rikeskus Nero<\/h3><p>Dataskyddsf\u00f6rordningen ger v\u00e5ra kunder och oss en enhetlig verksamhetsmodell f\u00f6r att f\u00f6rb\u00e4ttra dataskyddet.<\/p><p>Vi anv\u00e4nder personuppgifter:<\/p><ul><li>F\u00f6r att skapa och underh\u00e5lla kundrelationer.<\/li><li>F\u00f6r att tillhandah\u00e5lla, utveckla och fakturera v\u00e5ra tj\u00e4nster.<\/li><li>F\u00f6r att ha f\u00f6lja lagar o regler som \u00e4r bindande f\u00f6r L\u00e4karcentralen Nero.\u200b<\/li><\/ul><p><strong>Kontaktuppgifter till L\u00e4karcentralen Neros dataskyddsombud: <\/strong><\/p><p><a href=\"mailto:outi.aura@nero.wprod.cpn.fi\">outi.aura@nero.wprod.cpn.fi<\/a>, puh: <a href=\"tel:+358451039158\">045-1039158<\/a>.<\/p><h3>Inh\u00e4mtning av kund- och patientinformation<\/h3><p>Du har r\u00e4tt att f\u00e5 dina egna kund- och patientuppgifter.<\/p><p>Du har \u00e4ven r\u00e4tt att anv\u00e4nda dig av insynsr\u00e4tten om du vill veta vilka uppgifter om dig som har lagrats i olika register. P\u00e5 s\u00e5 s\u00e4tt kan du ocks\u00e5 f\u00f6rs\u00e4kra dig om att de uppgifter som registreras om dig \u00e4r korrekta.\u200b<\/p><p>Du har r\u00e4tt att veta var dina uppgifter h\u00e4mtas, var dina uppgifter anv\u00e4nds och l\u00e4mnas ut. Social- och h\u00e4lsov\u00e5rdens kundinformation \u00e4r konfidentiell. F\u00f6r att genomf\u00f6ra behandlingen f\u00f6rs ett personregister \u00f6ver kund- och patientuppgifter.<\/p><p>Kund- och patientdata lagras i enlighet med g\u00e4llande lagar.<\/p><h3>Kontroll av information<\/h3><p>Det \u00e4r kostnadsfritt att kontrollera informationen, s\u00e5vida den inte \u00e4r ogrundad eller orimlig (s\u00e4rskilt om f\u00f6rfr\u00e5gningar g\u00f6rs upprepade g\u00e5nger).<\/p><p>D\u00e5 m\u00e5ste den personuppgiftsansvarige visa grundl\u00f6shet eller orimlighet.<\/p><p>Beg\u00e4ran om besiktning ska g\u00f6ras skriftligen.<\/p><h3>F\u00f6rv\u00e4gra eller begr\u00e4nsa r\u00e4tten till inspektion<\/h3><p>Insynsr\u00e4tten kan f\u00f6rv\u00e4gras eller inskr\u00e4nkas till exempel om tillhandah\u00e5llandet av information skulle skada dina eller n\u00e5gon annans r\u00e4ttigheter eller friheter.<\/p><p>Om r\u00e4tten att ta del av nekas f\u00e5r du ett skriftligt intyg om avslag som anger anledningen till avslaget. I s\u00e5 fall har du m\u00f6jlighet att ta \u00e4rendet till dataskyddsombudet f\u00f6r l\u00f6sning.<\/p><h3>Datakorrigering<\/h3><p>Du har r\u00e4tt att kr\u00e4va att den registeransvarige korrigerar felaktiga uppgifter i registret. Beg\u00e4ran om korrigering g\u00f6rs skriftligen.<\/p><p>Den registeransvarige har r\u00e4tt att besluta om den beg\u00e4rda r\u00e4ttelsen ska g\u00f6ras eller inte. Ett intyg utf\u00e4rdas f\u00f6r ett negativt beslut som visar sk\u00e4len f\u00f6r avslaget. Efter detta kan du om du vill v\u00e4nda dig till dataskyddsombudet.<\/p>\t\t\t\t\t\t\t\t<\/div>\n\t\t\t\t<\/div>\n\t\t<div class=\"elementor-element elementor-element-9251566 e-flex e-con-boxed e-con e-child\" data-id=\"9251566\" data-element_type=\"container\" data-e-type=\"container\">\n\t\t\t\t\t<div class=\"e-con-inner\">\n\t\t\t\t<div class=\"elementor-element elementor-element-7503439 elementor-widget elementor-widget-button\" data-id=\"7503439\" data-element_type=\"widget\" data-e-type=\"widget\" data-widget_type=\"button.default\">\n\t\t\t\t<div class=\"elementor-widget-container\">\n\t\t\t\t\t\t\t\t\t<div class=\"elementor-button-wrapper\">\n\t\t\t\t\t<a class=\"elementor-button elementor-button-link elementor-size-sm\" href=\"https:\/\/nero.wprod.cpn.fi\/wp-content\/uploads\/2024\/06\/BEGARAN-OM-GRANSKNING-AV-PATIENTREGISTERUPPGIFTER-.pdf\" target=\"_blank\">\n\t\t\t\t\t\t<span class=\"elementor-button-content-wrapper\">\n\t\t\t\t\t\t\t\t\t<span class=\"elementor-button-text\">Beg\u00e4ran om granskning av patientregisteruppgifter<\/span>\n\t\t\t\t\t<\/span>\n\t\t\t\t\t<\/a>\n\t\t\t\t<\/div>\n\t\t\t\t\t\t\t\t<\/div>\n\t\t\t\t<\/div>\n\t\t\t\t<div class=\"elementor-element elementor-element-3a57ca8 elementor-widget elementor-widget-button\" data-id=\"3a57ca8\" data-element_type=\"widget\" data-e-type=\"widget\" data-widget_type=\"button.default\">\n\t\t\t\t<div class=\"elementor-widget-container\">\n\t\t\t\t\t\t\t\t\t<div class=\"elementor-button-wrapper\">\n\t\t\t\t\t<a class=\"elementor-button elementor-button-link elementor-size-sm\" href=\"\/wp-content\/uploads\/2024\/01\/Rekisteritietojen-korjaamisvaatimus.pdf\" target=\"_blank\">\n\t\t\t\t\t\t<span class=\"elementor-button-content-wrapper\">\n\t\t\t\t\t\t\t\t\t<span class=\"elementor-button-text\">Beg\u00e4ran om r\u00e4ttelse av registeruppgifter<\/span>\n\t\t\t\t\t<\/span>\n\t\t\t\t\t<\/a>\n\t\t\t\t<\/div>\n\t\t\t\t\t\t\t\t<\/div>\n\t\t\t\t<\/div>\n\t\t\t\t\t<\/div>\n\t\t\t\t<\/div>\n\t\t\t\t<div class=\"elementor-element elementor-element-fb8cade elementor-widget elementor-widget-text-editor\" data-id=\"fb8cade\" data-element_type=\"widget\" data-e-type=\"widget\" data-widget_type=\"text-editor.default\">\n\t\t\t\t<div class=\"elementor-widget-container\">\n\t\t\t\t\t\t\t\t\t<h3>Kundens och patientens tillg\u00e5ng till informationsr\u00e4ttigheter<\/h3><p>Dokument och informationssystem som inneh\u00e5ller personuppgifter anv\u00e4nds i kund- och patientrelationer enligt yrkesut\u00f6varens arbetsuppgifter. Implementeringen av ditt dataskydd \u00f6vervakas regelbundet med hj\u00e4lp av loggdata.\u200b<\/p><p>Alla anst\u00e4llda p\u00e5 L\u00e4\u00e4k\u00e4rikeskus Nero undertecknar ett dataskydds- och informationss\u00e4kerhets\u00e5tagande i b\u00f6rjan av anst\u00e4llningsf\u00f6rh\u00e5llandet. Varje anst\u00e4lld f\u00f6rbinder sig till NERO:s riktlinjer f\u00f6r datas\u00e4kerhet och goda rutiner f\u00f6r datahantering.\u200b<\/p><p>Du har r\u00e4tt att f\u00e5 dina egna kund- och patientuppgifter. Du har \u00e4ven r\u00e4tt att anv\u00e4nda dig av insynsr\u00e4tten om du vill veta vilka uppgifter om dig som har lagrats i olika register. P\u00e5 s\u00e5 s\u00e4tt kan du ocks\u00e5 f\u00f6rs\u00e4kra dig om att de uppgifter som registreras om dig \u00e4r korrekta.<\/p><p>Med intressent avses en person vars r\u00e4ttigheter, intressen eller skyldigheter p\u00e5verkas av det \u00e4rende som handl\u00e4ggs i myndigheten. Han har r\u00e4tt att beg\u00e4ra information som kan ha p\u00e5verkat handl\u00e4ggningen av hans \u00e4rende.<\/p><h3>Kund- och patientinformation<\/h3><p>Du har r\u00e4tt att veta var dina uppgifter h\u00e4mtas, var dina uppgifter anv\u00e4nds och l\u00e4mnas ut. Social- och h\u00e4lsov\u00e5rdens kundinformation \u00e4r konfidentiell.<\/p><p>F\u00f6r att genomf\u00f6ra behandlingen f\u00f6rs ett personregister \u00f6ver kund- och patientuppgifter. Kund- och patientdata lagras i enlighet med g\u00e4llande lagar.<\/p><h3>Logguppgifter<\/h3><p>Du har r\u00e4tt att f\u00e5 information om vem som har anv\u00e4nt och till vem kund- eller patientuppgifter om dig har l\u00e4mnats ut. Du har \u00e4ven r\u00e4tt att f\u00e5 information om vad som har legat till grund f\u00f6r anv\u00e4ndningen eller \u00f6verf\u00f6ringen.<\/p><p>Om du har anledning att misst\u00e4nka missbruk av dina uppgifter har du r\u00e4tt att kr\u00e4va en f\u00f6rklaring om vem som har anv\u00e4nt dina patient- eller kunduppgifter (s\u00e5 kallad loggdata).\u200b<\/p><p>Du kan f\u00e5 logguppgifterna med en skriftlig beg\u00e4ran fr\u00e5n L\u00e4karcentralen Neros dataskyddsombud. Att beg\u00e4ra information \u00e4r kostnadsfritt. Loggdata \u00e4ldre \u00e4n tv\u00e5 \u00e5r kommer inte att sl\u00e4ppas, om det inte finns s\u00e4rskilda sk\u00e4l.\u200b<\/p><p>Du f\u00e5r inte l\u00e4mna \u00f6ver eller anv\u00e4nda loggdata du f\u00e5r f\u00f6r n\u00e5got annat \u00e4ndam\u00e5l.<\/p>\t\t\t\t\t\t\t\t<\/div>\n\t\t\t\t<\/div>\n\t\t<div class=\"elementor-element elementor-element-ee983bf e-flex e-con-boxed e-con e-child\" data-id=\"ee983bf\" data-element_type=\"container\" data-e-type=\"container\">\n\t\t\t\t\t<div class=\"e-con-inner\">\n\t\t\t\t<div class=\"elementor-element elementor-element-f46ba47 elementor-widget elementor-widget-button\" data-id=\"f46ba47\" data-element_type=\"widget\" data-e-type=\"widget\" data-widget_type=\"button.default\">\n\t\t\t\t<div class=\"elementor-widget-container\">\n\t\t\t\t\t\t\t\t\t<div class=\"elementor-button-wrapper\">\n\t\t\t\t\t<a class=\"elementor-button elementor-button-link elementor-size-sm\" href=\"https:\/\/nero.wprod.cpn.fi\/wp-content\/uploads\/2024\/06\/EN-PARTS-BEGARAN-OM-ATT-TA-DEL-AV-EN-HANDLING.pdf\" target=\"_blank\">\n\t\t\t\t\t\t<span class=\"elementor-button-content-wrapper\">\n\t\t\t\t\t\t\t\t\t<span class=\"elementor-button-text\">En parts beg\u00e4ran om att ta del av en handling<\/span>\n\t\t\t\t\t<\/span>\n\t\t\t\t\t<\/a>\n\t\t\t\t<\/div>\n\t\t\t\t\t\t\t\t<\/div>\n\t\t\t\t<\/div>\n\t\t\t\t<div class=\"elementor-element elementor-element-c31ad7b elementor-widget elementor-widget-button\" data-id=\"c31ad7b\" data-element_type=\"widget\" data-e-type=\"widget\" data-widget_type=\"button.default\">\n\t\t\t\t<div class=\"elementor-widget-container\">\n\t\t\t\t\t\t\t\t\t<div class=\"elementor-button-wrapper\">\n\t\t\t\t\t<a class=\"elementor-button elementor-button-link elementor-size-sm\" href=\"https:\/\/nero.wprod.cpn.fi\/wp-content\/uploads\/2024\/06\/BEGARAN-OM-KONTROLL-AV-LOGGUPPGIFTER-.pdf\" target=\"_blank\">\n\t\t\t\t\t\t<span class=\"elementor-button-content-wrapper\">\n\t\t\t\t\t\t\t\t\t<span class=\"elementor-button-text\">Beg\u00f6ran om kontroll av logguppgifter<\/span>\n\t\t\t\t\t<\/span>\n\t\t\t\t\t<\/a>\n\t\t\t\t<\/div>\n\t\t\t\t\t\t\t\t<\/div>\n\t\t\t\t<\/div>\n\t\t\t\t\t<\/div>\n\t\t\t\t<\/div>\n\t\t<div class=\"elementor-element elementor-element-f4e0a11 e-flex e-con-boxed e-con e-child\" data-id=\"f4e0a11\" data-element_type=\"container\" data-e-type=\"container\">\n\t\t\t\t\t<div class=\"e-con-inner\">\n\t\t\t\t<div class=\"elementor-element elementor-element-c8c7af4 elementor-widget elementor-widget-button\" data-id=\"c8c7af4\" data-element_type=\"widget\" data-e-type=\"widget\" data-widget_type=\"button.default\">\n\t\t\t\t<div class=\"elementor-widget-container\">\n\t\t\t\t\t\t\t\t\t<div class=\"elementor-button-wrapper\">\n\t\t\t\t\t<a class=\"elementor-button elementor-button-link elementor-size-sm\" href=\"https:\/\/nero.wprod.cpn.fi\/wp-content\/uploads\/2024\/06\/DATASKYDDSBESKRIVNING.pdf\" target=\"_blank\">\n\t\t\t\t\t\t<span class=\"elementor-button-content-wrapper\">\n\t\t\t\t\t\t\t\t\t<span class=\"elementor-button-text\">Dataskyddsbeskrivning<\/span>\n\t\t\t\t\t<\/span>\n\t\t\t\t\t<\/a>\n\t\t\t\t<\/div>\n\t\t\t\t\t\t\t\t<\/div>\n\t\t\t\t<\/div>\n\t\t\t\t<div class=\"elementor-element elementor-element-e5da3eb elementor-widget elementor-widget-button\" data-id=\"e5da3eb\" data-element_type=\"widget\" data-e-type=\"widget\" data-widget_type=\"button.default\">\n\t\t\t\t<div class=\"elementor-widget-container\">\n\t\t\t\t\t\t\t\t\t<div class=\"elementor-button-wrapper\">\n\t\t\t\t\t<a class=\"elementor-button elementor-button-link elementor-size-sm\" href=\"https:\/\/tietosuoja.fi\/etusivu\" target=\"_blank\">\n\t\t\t\t\t\t<span class=\"elementor-button-content-wrapper\">\n\t\t\t\t\t\t\t\t\t<span class=\"elementor-button-text\">Dataskyddsombud<\/span>\n\t\t\t\t\t<\/span>\n\t\t\t\t\t<\/a>\n\t\t\t\t<\/div>\n\t\t\t\t\t\t\t\t<\/div>\n\t\t\t\t<\/div>\n\t\t\t\t\t<\/div>\n\t\t\t\t<\/div>\n\t\t<div class=\"elementor-element elementor-element-bc4e76c e-flex e-con-boxed e-con e-child\" data-id=\"bc4e76c\" data-element_type=\"container\" data-e-type=\"container\">\n\t\t\t\t\t<div class=\"e-con-inner\">\n\t\t\t\t<div class=\"elementor-element elementor-element-7eae93f elementor-widget elementor-widget-button\" data-id=\"7eae93f\" data-element_type=\"widget\" data-e-type=\"widget\" data-widget_type=\"button.default\">\n\t\t\t\t<div class=\"elementor-widget-container\">\n\t\t\t\t\t\t\t\t\t<div class=\"elementor-button-wrapper\">\n\t\t\t\t\t<a class=\"elementor-button elementor-button-link elementor-size-sm\" href=\"https:\/\/eur-lex.europa.eu\/legal-content\/FI\/TXT\/?uri=CELEX%3A32016R0679\" target=\"_blank\">\n\t\t\t\t\t\t<span class=\"elementor-button-content-wrapper\">\n\t\t\t\t\t\t\t\t\t<span class=\"elementor-button-text\">EU:s dataskyddsbeskrivning<\/span>\n\t\t\t\t\t<\/span>\n\t\t\t\t\t<\/a>\n\t\t\t\t<\/div>\n\t\t\t\t\t\t\t\t<\/div>\n\t\t\t\t<\/div>\n\t\t\t\t<div class=\"elementor-element elementor-element-247f81c elementor-widget elementor-widget-button\" data-id=\"247f81c\" data-element_type=\"widget\" data-e-type=\"widget\" data-widget_type=\"button.default\">\n\t\t\t\t<div class=\"elementor-widget-container\">\n\t\t\t\t\t\t\t\t\t<div class=\"elementor-button-wrapper\">\n\t\t\t\t\t<a class=\"elementor-button elementor-button-link elementor-size-sm\" href=\"https:\/\/www.finlex.fi\/fi\/laki\/alkup\/2018\/20181050\" target=\"_blank\">\n\t\t\t\t\t\t<span class=\"elementor-button-content-wrapper\">\n\t\t\t\t\t\t\t\t\t<span class=\"elementor-button-text\">Dataskyddsf\u00f6rordningen<\/span>\n\t\t\t\t\t<\/span>\n\t\t\t\t\t<\/a>\n\t\t\t\t<\/div>\n\t\t\t\t\t\t\t\t<\/div>\n\t\t\t\t<\/div>\n\t\t\t\t\t<\/div>\n\t\t\t\t<\/div>\n\t\t\t\t\t<\/div>\n\t\t\t\t<\/div>\n\t\t\t\t\t<\/div>\n\t\t\t\t<\/div>\n\t\t\t\t<\/div>\n\t\t","protected":false},"excerpt":{"rendered":"<p>Dataskydds&shy;beskrivning Enligt EU:s allm\u00e4nna dataskyddsf\u00f6rordning har alla r\u00e4tt att best\u00e4mma om anv\u00e4ndningen av sina egna personuppgifter. Enligt EU:s allm\u00e4nna dataskyddsf\u00f6rordning ska alla kunna p\u00e5verka hur f\u00f6retag behandlar de personuppgifter de samlar in. F\u00f6rordningen g\u00e4ller givetvis \u00e4ven f\u00f6r L\u00e4\u00e4k\u00e4rikeskus Nero. Europeiska unionens allm\u00e4nna dataskyddsf\u00f6rordning Ger m\u00e4nniskor r\u00e4tt att best\u00e4mma om anv\u00e4ndningen av sina egna personuppgifter och [&hellip;]<\/p>\n","protected":false},"author":12,"featured_media":0,"parent":2626,"menu_order":0,"comment_status":"closed","ping_status":"closed","template":"","meta":{"_acf_changed":false,"footnotes":""},"class_list":["post-3539","page","type-page","status-publish","hentry"],"acf":[],"_links":{"self":[{"href":"https:\/\/laakarikeskusnero.fi\/sv\/wp-json\/wp\/v2\/pages\/3539","targetHints":{"allow":["GET"]}}],"collection":[{"href":"https:\/\/laakarikeskusnero.fi\/sv\/wp-json\/wp\/v2\/pages"}],"about":[{"href":"https:\/\/laakarikeskusnero.fi\/sv\/wp-json\/wp\/v2\/types\/page"}],"author":[{"embeddable":true,"href":"https:\/\/laakarikeskusnero.fi\/sv\/wp-json\/wp\/v2\/users\/12"}],"replies":[{"embeddable":true,"href":"https:\/\/laakarikeskusnero.fi\/sv\/wp-json\/wp\/v2\/comments?post=3539"}],"version-history":[{"count":28,"href":"https:\/\/laakarikeskusnero.fi\/sv\/wp-json\/wp\/v2\/pages\/3539\/revisions"}],"predecessor-version":[{"id":3604,"href":"https:\/\/laakarikeskusnero.fi\/sv\/wp-json\/wp\/v2\/pages\/3539\/revisions\/3604"}],"up":[{"embeddable":true,"href":"https:\/\/laakarikeskusnero.fi\/sv\/wp-json\/wp\/v2\/pages\/2626"}],"wp:attachment":[{"href":"https:\/\/laakarikeskusnero.fi\/sv\/wp-json\/wp\/v2\/media?parent=3539"}],"curies":[{"name":"wp","href":"https:\/\/api.w.org\/{rel}","templated":true}]}}