{"id":2699,"date":"2024-01-29T20:01:53","date_gmt":"2024-01-29T18:01:53","guid":{"rendered":"https:\/\/nero.wprod.cpn.fi\/information\/patientombudsman\/"},"modified":"2025-05-21T22:18:18","modified_gmt":"2025-05-21T19:18:18","slug":"patientombudsman","status":"publish","type":"page","link":"https:\/\/laakarikeskusnero.fi\/sv\/information\/patientombudsman\/","title":{"rendered":"Patientombudsman"},"content":{"rendered":"\t\t<div data-elementor-type=\"wp-page\" data-elementor-id=\"2699\" class=\"elementor elementor-2699 elementor-1213\" data-elementor-post-type=\"page\">\n\t\t\t\t<div class=\"elementor-element elementor-element-3555717 e-con-full e-flex e-con e-parent\" data-id=\"3555717\" data-element_type=\"container\" data-e-type=\"container\" data-settings=\"{&quot;background_background&quot;:&quot;classic&quot;}\">\n\t\t<div class=\"elementor-element elementor-element-6a86a996 e-con-full e-flex e-con e-child\" data-id=\"6a86a996\" data-element_type=\"container\" data-e-type=\"container\" data-settings=\"{&quot;background_background&quot;:&quot;classic&quot;}\">\n\t\t\t\t<div class=\"elementor-element elementor-element-53624373 elementor-widget elementor-widget-heading\" data-id=\"53624373\" data-element_type=\"widget\" data-e-type=\"widget\" data-widget_type=\"heading.default\">\n\t\t\t\t<div class=\"elementor-widget-container\">\n\t\t\t\t\t<h1 class=\"elementor-heading-title elementor-size-default\">Patient- och socialombuden<\/h1>\t\t\t\t<\/div>\n\t\t\t\t<\/div>\n\t\t\t\t<div class=\"elementor-element elementor-element-2c580642 elementor-widget elementor-widget-text-editor\" data-id=\"2c580642\" data-element_type=\"widget\" data-e-type=\"widget\" data-widget_type=\"text-editor.default\">\n\t\t\t\t<div class=\"elementor-widget-container\">\n\t\t\t\t\t\t\t\t\t<p class=\"p1\">Patient- och socialombudens lagstadgade uppgifter \u00e4r bland annat att undervisa och informera om patientens st\u00e4llning och r\u00e4ttigheter. Patient- och socialombuden arbetar f\u00f6r att fr\u00e4mja patientens r\u00e4ttigheter och f\u00f6r att dessa ska tillgodoses<\/p>\t\t\t\t\t\t\t\t<\/div>\n\t\t\t\t<\/div>\n\t\t\t\t<\/div>\n\t\t<div class=\"elementor-element elementor-element-97d4d97 e-con-full e-flex e-con e-child\" data-id=\"97d4d97\" data-element_type=\"container\" data-e-type=\"container\" data-settings=\"{&quot;background_background&quot;:&quot;classic&quot;}\">\n\t\t\t\t<\/div>\n\t\t\t\t<\/div>\n\t\t<div class=\"elementor-element elementor-element-7f8122c6 e-con-full e-flex e-con e-parent\" data-id=\"7f8122c6\" data-element_type=\"container\" data-e-type=\"container\" data-settings=\"{&quot;background_background&quot;:&quot;classic&quot;}\">\n\t\t<div class=\"elementor-element elementor-element-32af33f e-flex e-con-boxed e-con e-child\" data-id=\"32af33f\" data-element_type=\"container\" data-e-type=\"container\">\n\t\t\t\t\t<div class=\"e-con-inner\">\n\t\t<div class=\"elementor-element elementor-element-c59b835 e-con-full e-flex e-con e-child\" data-id=\"c59b835\" data-element_type=\"container\" data-e-type=\"container\" data-settings=\"{&quot;background_background&quot;:&quot;classic&quot;}\">\n\t\t\t\t<\/div>\n\t\t<div class=\"elementor-element elementor-element-12c967b7 e-con-full e-flex e-con e-child\" data-id=\"12c967b7\" data-element_type=\"container\" data-e-type=\"container\" data-settings=\"{&quot;background_background&quot;:&quot;classic&quot;}\">\n\t\t\t\t<div class=\"elementor-element elementor-element-7a272e2b elementor-widget elementor-widget-heading\" data-id=\"7a272e2b\" data-element_type=\"widget\" data-e-type=\"widget\" data-widget_type=\"heading.default\">\n\t\t\t\t<div class=\"elementor-widget-container\">\n\t\t\t\t\t<h2 class=\"elementor-heading-title elementor-size-default\"><h1 style=\"margin-top: 0px;margin-bottom: 0.5em;font-family: sofia-pro, sans-serif;font-size: 2.75rem\">Patientombud<span style=\"font-family: inherit;font-size: 30px\"><\/span><\/h1><\/h2>\t\t\t\t<\/div>\n\t\t\t\t<\/div>\n\t\t\t\t<div class=\"elementor-element elementor-element-1b66ad0d elementor-widget elementor-widget-text-editor\" data-id=\"1b66ad0d\" data-element_type=\"widget\" data-e-type=\"widget\" data-widget_type=\"text-editor.default\">\n\t\t\t\t<div class=\"elementor-widget-container\">\n\t\t\t\t\t\t\t\t\t<ul class=\"wp-block-list\"><li>ger r\u00e5d vid fr\u00e5gor som g\u00e4ller patientens r\u00e4ttigheter<\/li><li>ger r\u00e5d vid fr\u00e5gor om hur patienten kan g\u00e5 tillv\u00e4ga vid missn\u00f6je med v\u00e5rden eller bem\u00f6tandet<\/li><li>ger r\u00e5d och hj\u00e4lper i fr\u00e5gor om anm\u00e4rkningar eller patienskadeanm\u00e4lan<\/li><\/ul><p>\u00a0<\/p><p><strong>Ifall du \u00e4r missn\u00f6jd eller om n\u00e5got \u00e4r oklart med v\u00e5rden \u00e4r det b\u00e4st att diskutera \u00e4rendet med l\u00e4kare eller v\u00e5rdare p\u00e5 v\u00e5rdenheten. De flesta fr\u00e5gor klarg\u00f6rs snabbast n\u00e4r de reds ut p\u00e5 enheten som \u00e4rendet ber\u00f6r. Ifall \u00e4rendet inte g\u00e5r att reda ut med enheten kan du kontakta patientombuden.<\/strong><\/p>\t\t\t\t\t\t\t\t<\/div>\n\t\t\t\t<\/div>\n\t\t\t\t<div class=\"elementor-element elementor-element-237f084 elementor-widget elementor-widget-button\" data-id=\"237f084\" data-element_type=\"widget\" data-e-type=\"widget\" data-widget_type=\"button.default\">\n\t\t\t\t<div class=\"elementor-widget-container\">\n\t\t\t\t\t\t\t\t\t<div class=\"elementor-button-wrapper\">\n\t\t\t\t\t<a class=\"elementor-button elementor-button-link elementor-size-sm\" href=\"https:\/\/osterbottensvalfard.fi\/sa-har-fungerar-vi\/kundens-och-patientens-rattigheter\/patientombud\/\" target=\"_blank\">\n\t\t\t\t\t\t<span class=\"elementor-button-content-wrapper\">\n\t\t\t\t\t\t\t\t\t<span class=\"elementor-button-text\">L\u00e4s mera<\/span>\n\t\t\t\t\t<\/span>\n\t\t\t\t\t<\/a>\n\t\t\t\t<\/div>\n\t\t\t\t\t\t\t\t<\/div>\n\t\t\t\t<\/div>\n\t\t\t\t<\/div>\n\t\t\t\t\t<\/div>\n\t\t\t\t<\/div>\n\t\t<div class=\"elementor-element elementor-element-663402f1 e-flex e-con-boxed e-con e-child\" data-id=\"663402f1\" data-element_type=\"container\" data-e-type=\"container\">\n\t\t\t\t\t<div class=\"e-con-inner\">\n\t\t<div class=\"elementor-element elementor-element-303abb00 e-con-full e-flex e-con e-child\" data-id=\"303abb00\" data-element_type=\"container\" data-e-type=\"container\" data-settings=\"{&quot;background_background&quot;:&quot;classic&quot;}\">\n\t\t\t\t<div class=\"elementor-element elementor-element-3d935ea9 elementor-widget elementor-widget-heading\" data-id=\"3d935ea9\" data-element_type=\"widget\" data-e-type=\"widget\" data-widget_type=\"heading.default\">\n\t\t\t\t<div class=\"elementor-widget-container\">\n\t\t\t\t\t<h2 class=\"elementor-heading-title elementor-size-default\"><h1 style=\"margin-top: 0px;margin-bottom: 0.5em;font-family: sofia-pro, sans-serif;font-size: 2.75rem\">Socialombud<span style=\"font-family: inherit;font-size: 30px\"><\/span><\/h1><\/h2>\t\t\t\t<\/div>\n\t\t\t\t<\/div>\n\t\t\t\t<div class=\"elementor-element elementor-element-6f731dde elementor-widget elementor-widget-text-editor\" data-id=\"6f731dde\" data-element_type=\"widget\" data-e-type=\"widget\" data-widget_type=\"text-editor.default\">\n\t\t\t\t<div class=\"elementor-widget-container\">\n\t\t\t\t\t\t\t\t\t<p><strong>Socialombudet \u00e4r en opartisk person som arbetar f\u00f6r att trygga klienternas intresse.<\/strong><\/p><ul><li>ger klienten r\u00e5d i fr\u00e5gor som g\u00e4ller till\u00e4mpningen av socialv\u00e5rdens klientlag och lagen om sm\u00e5barnspedagogik<\/li><li>ger klienten eller klientens lagliga f\u00f6retr\u00e4dare, en anh\u00f6rig eller n\u00e5gon annan n\u00e4rst\u00e5ende r\u00e5d och vid behov bist\u00e5r med att framst\u00e4lla en anm\u00e4rkning<\/li><li>informerar om klientens r\u00e4ttigheter, ger r\u00e5d om hur ett \u00e4rende som g\u00e4ller klientens r\u00e4ttsskydd kan inledas hos en beh\u00f6rig myndighet<\/li><li>samla information om klienternas kontakter och f\u00f6lja hur klienternas r\u00e4ttigheter och st\u00e4llning utvecklas<\/li><\/ul>\t\t\t\t\t\t\t\t<\/div>\n\t\t\t\t<\/div>\n\t\t\t\t<div class=\"elementor-element elementor-element-71037fa4 elementor-widget elementor-widget-button\" data-id=\"71037fa4\" data-element_type=\"widget\" data-e-type=\"widget\" data-widget_type=\"button.default\">\n\t\t\t\t<div class=\"elementor-widget-container\">\n\t\t\t\t\t\t\t\t\t<div class=\"elementor-button-wrapper\">\n\t\t\t\t\t<a class=\"elementor-button elementor-button-link elementor-size-sm\" href=\"https:\/\/osterbottensvalfard.fi\/sa-har-fungerar-vi\/kundens-och-patientens-rattigheter\/socialombud\/\" target=\"_blank\">\n\t\t\t\t\t\t<span class=\"elementor-button-content-wrapper\">\n\t\t\t\t\t\t\t\t\t<span class=\"elementor-button-text\">L\u00e4s mera<\/span>\n\t\t\t\t\t<\/span>\n\t\t\t\t\t<\/a>\n\t\t\t\t<\/div>\n\t\t\t\t\t\t\t\t<\/div>\n\t\t\t\t<\/div>\n\t\t\t\t<\/div>\n\t\t<div class=\"elementor-element elementor-element-30bf1267 e-con-full e-flex e-con e-child\" data-id=\"30bf1267\" data-element_type=\"container\" data-e-type=\"container\" data-settings=\"{&quot;background_background&quot;:&quot;classic&quot;}\">\n\t\t\t\t<\/div>\n\t\t\t\t\t<\/div>\n\t\t\t\t<\/div>\n\t\t\t\t<\/div>\n\t\t<div class=\"elementor-element elementor-element-6925c4d5 e-flex e-con-boxed e-con e-parent\" data-id=\"6925c4d5\" data-element_type=\"container\" data-e-type=\"container\">\n\t\t\t\t\t<div class=\"e-con-inner\">\n\t\t<div class=\"elementor-element elementor-element-2284978e e-flex e-con-boxed e-con e-child\" data-id=\"2284978e\" data-element_type=\"container\" data-e-type=\"container\">\n\t\t\t\t\t<div class=\"e-con-inner\">\n\t\t\t\t<div class=\"elementor-element elementor-element-1cde1985 elementor-widget elementor-widget-heading\" data-id=\"1cde1985\" data-element_type=\"widget\" data-e-type=\"widget\" data-widget_type=\"heading.default\">\n\t\t\t\t<div class=\"elementor-widget-container\">\n\t\t\t\t\t<h2 class=\"elementor-heading-title elementor-size-default\">Kontakta<\/h2>\t\t\t\t<\/div>\n\t\t\t\t<\/div>\n\t\t\t\t\t<\/div>\n\t\t\t\t<\/div>\n\t\t\t\t<div class=\"elementor-element elementor-element-85fadeb elementor-widget elementor-widget-text-editor\" data-id=\"85fadeb\" data-element_type=\"widget\" data-e-type=\"widget\" data-widget_type=\"text-editor.default\">\n\t\t\t\t<div class=\"elementor-widget-container\">\n\t\t\t\t\t\t\t\t\t<p>\u00a0<\/p><h2 class=\"p1\" style=\"text-align: center;\"><b>Patientombud<\/b><b><\/b><\/h2><p class=\"p2\" style=\"text-align: center;\">Som patientombud vid L\u00e4karcentral Nero fungerar Marjut Meltoranta och Sari M\u00e4kinen fr\u00e5n \u00d6sterbottens v\u00e4lf\u00e4rdsomr\u00e5de. Ombudet ansvarar f\u00f6r kundernas kontakter med l\u00e4karcentralen.<\/p><p class=\"p2\" style=\"text-align: center;\">E-postadress: potilasasiavastaava@ovph.fi (ej skyddad e-post)<\/p><p class=\"p2\" style=\"text-align: center;\">Patient- och socialombudet n\u00e5s \u00e4ven m\u00e5ndag till torsdag kl. 9\u201311 p\u00e5 telefonnummer 06 218 1080.<\/p><p class=\"p2\" style=\"text-align: center;\">Uppgifterna om patient- och socialombudet finns tillg\u00e4ngliga i v\u00e5r enhet samt p\u00e5 v\u00e5r webbplats.<\/p><h2 id=\"tag-kontakt\" class=\"wp-block-heading\" style=\"text-align: center;\">Socialombud<\/h2><h2 id=\"tag-kontakt\" class=\"wp-block-heading\" style=\"text-align: center;\"><span style=\"font-size: 15px; font-weight: 300;\">Socialombuden \u00e4r antr\u00e4ffbar m\u00e5n\u2013fre kl. 8-14<\/span><\/h2><p style=\"text-align: center;\">Telefonnummer: 040 507 9303<br \/>E-post:\u00a0socialombud@ovph.fi\u00a0(ej skyddad e-post)<\/p><p style=\"text-align: center;\">Socialombuden p\u00e5 \u00d6sterbottens v\u00e4lf\u00e4rdsomr\u00e5de: Katarina Norrg\u00e5rd<\/p><p style=\"text-align: center;\">Bes\u00f6kadress: Korsholmsesplanaden 44, 65100 Vasa<\/p><p style=\"text-align: center;\">\u00a0<\/p>\t\t\t\t\t\t\t\t<\/div>\n\t\t\t\t<\/div>\n\t\t\t\t\t<\/div>\n\t\t\t\t<\/div>\n\t\t<div class=\"elementor-element elementor-element-16f5610 e-flex e-con-boxed e-con e-parent\" data-id=\"16f5610\" data-element_type=\"container\" data-e-type=\"container\">\n\t\t\t\t\t<div class=\"e-con-inner\">\n\t\t\t\t\t<\/div>\n\t\t\t\t<\/div>\n\t\t\t\t<\/div>\n\t\t","protected":false},"excerpt":{"rendered":"<p>Patient- och socialombuden Patient- och socialombudens lagstadgade uppgifter \u00e4r bland annat att undervisa och informera om patientens st\u00e4llning och r\u00e4ttigheter. Patient- och socialombuden arbetar f\u00f6r att fr\u00e4mja patientens r\u00e4ttigheter och f\u00f6r att dessa ska tillgodoses Patientombud ger r\u00e5d vid fr\u00e5gor som g\u00e4ller patientens r\u00e4ttigheter ger r\u00e5d vid fr\u00e5gor om hur patienten kan g\u00e5 tillv\u00e4ga vid [&hellip;]<\/p>\n","protected":false},"author":12,"featured_media":0,"parent":2626,"menu_order":0,"comment_status":"closed","ping_status":"closed","template":"","meta":{"_acf_changed":false,"footnotes":""},"class_list":["post-2699","page","type-page","status-publish","hentry"],"acf":[],"_links":{"self":[{"href":"https:\/\/laakarikeskusnero.fi\/sv\/wp-json\/wp\/v2\/pages\/2699","targetHints":{"allow":["GET"]}}],"collection":[{"href":"https:\/\/laakarikeskusnero.fi\/sv\/wp-json\/wp\/v2\/pages"}],"about":[{"href":"https:\/\/laakarikeskusnero.fi\/sv\/wp-json\/wp\/v2\/types\/page"}],"author":[{"embeddable":true,"href":"https:\/\/laakarikeskusnero.fi\/sv\/wp-json\/wp\/v2\/users\/12"}],"replies":[{"embeddable":true,"href":"https:\/\/laakarikeskusnero.fi\/sv\/wp-json\/wp\/v2\/comments?post=2699"}],"version-history":[{"count":18,"href":"https:\/\/laakarikeskusnero.fi\/sv\/wp-json\/wp\/v2\/pages\/2699\/revisions"}],"predecessor-version":[{"id":4782,"href":"https:\/\/laakarikeskusnero.fi\/sv\/wp-json\/wp\/v2\/pages\/2699\/revisions\/4782"}],"up":[{"embeddable":true,"href":"https:\/\/laakarikeskusnero.fi\/sv\/wp-json\/wp\/v2\/pages\/2626"}],"wp:attachment":[{"href":"https:\/\/laakarikeskusnero.fi\/sv\/wp-json\/wp\/v2\/media?parent=2699"}],"curies":[{"name":"wp","href":"https:\/\/api.w.org\/{rel}","templated":true}]}}