{"id":2668,"date":"2024-01-18T11:57:18","date_gmt":"2024-01-18T09:57:18","guid":{"rendered":"https:\/\/nero.wprod.cpn.fi\/foretagshalsovard\/bli-kund-hos-foretagshalsovarden\/kostnader\/"},"modified":"2024-04-04T13:59:17","modified_gmt":"2024-04-04T10:59:17","slug":"kostnader","status":"publish","type":"page","link":"https:\/\/laakarikeskusnero.fi\/sv\/foretagshalsovard\/bli-kund-hos-foretagshalsovarden\/kostnader\/","title":{"rendered":"Kostnader"},"content":{"rendered":"\t\t<div data-elementor-type=\"wp-page\" data-elementor-id=\"2668\" class=\"elementor elementor-2668 elementor-618\" data-elementor-post-type=\"page\">\n\t\t\t\t<div class=\"elementor-element elementor-element-c46dcd6 e-con-full e-flex e-con e-parent\" data-id=\"c46dcd6\" data-element_type=\"container\" data-e-type=\"container\" data-settings=\"{&quot;background_background&quot;:&quot;classic&quot;}\">\n\t\t<div class=\"elementor-element elementor-element-b31ab74 e-con-full e-flex e-con e-child\" data-id=\"b31ab74\" data-element_type=\"container\" data-e-type=\"container\" data-settings=\"{&quot;background_background&quot;:&quot;classic&quot;}\">\n\t\t\t\t<div class=\"elementor-element elementor-element-58d7ea5 elementor-widget elementor-widget-heading\" data-id=\"58d7ea5\" data-element_type=\"widget\" data-e-type=\"widget\" data-widget_type=\"heading.default\">\n\t\t\t\t<div class=\"elementor-widget-container\">\n\t\t\t\t\t<h1 class=\"elementor-heading-title elementor-size-default\">Kostnader<\/h1>\t\t\t\t<\/div>\n\t\t\t\t<\/div>\n\t\t\t\t<div class=\"elementor-element elementor-element-f44d723 elementor-widget elementor-widget-text-editor\" data-id=\"f44d723\" data-element_type=\"widget\" data-e-type=\"widget\" data-widget_type=\"text-editor.default\">\n\t\t\t\t<div class=\"elementor-widget-container\">\n\t\t\t\t\t\t\t\t\t<p>Sjukskrivningar kan medf\u00f6ra betydande kostnader fast\u00e4n en enstaka fr\u00e5nvaro kan k\u00e4nnas obetydlig. Kostnaderna f\u00f6r f\u00f6retaget kan vara h\u00f6ga, men med effektiva f\u00f6rebyggande \u00e5tg\u00e4rder \u00e4r det m\u00f6jligt att s\u00e4nka dem k\u00e4nnbart.<\/p>\n\t\t\t\t\t\t\t\t<\/div>\n\t\t\t\t<\/div>\n\t\t\t\t<\/div>\n\t\t<div class=\"elementor-element elementor-element-1952d56 e-con-full e-flex e-con e-child\" data-id=\"1952d56\" data-element_type=\"container\" data-e-type=\"container\" data-settings=\"{&quot;background_background&quot;:&quot;classic&quot;}\">\n\t\t\t\t<\/div>\n\t\t\t\t<\/div>\n\t\t<div class=\"elementor-element elementor-element-31d77c1 e-flex e-con-boxed e-con e-parent\" data-id=\"31d77c1\" data-element_type=\"container\" data-e-type=\"container\">\n\t\t\t\t\t<div class=\"e-con-inner\">\n\t\t<div class=\"elementor-element elementor-element-a5424d6 e-flex e-con-boxed e-con e-child\" data-id=\"a5424d6\" data-element_type=\"container\" data-e-type=\"container\">\n\t\t\t\t\t<div class=\"e-con-inner\">\n\t\t\t\t<div class=\"elementor-element elementor-element-90cc780 elementor-widget elementor-widget-heading\" data-id=\"90cc780\" data-element_type=\"widget\" data-e-type=\"widget\" data-widget_type=\"heading.default\">\n\t\t\t\t<div class=\"elementor-widget-container\">\n\t\t\t\t\t<h2 class=\"elementor-heading-title elementor-size-default\">Sjukskrivning kostar 450 \u20ac per dag<\/h2>\t\t\t\t<\/div>\n\t\t\t\t<\/div>\n\t\t\t\t<div class=\"elementor-element elementor-element-a899073 elementor-widget elementor-widget-text-editor\" data-id=\"a899073\" data-element_type=\"widget\" data-e-type=\"widget\" data-widget_type=\"text-editor.default\">\n\t\t\t\t<div class=\"elementor-widget-container\">\n\t\t\t\t\t\t\t\t\t<p>Finl\u00e4ndska arbetstagare \u00e4r i medeltal borta fr\u00e5n jobbet 5\u20137 dagar om \u00e5ret p\u00e5 grund av sjukdom. Sjukskrivningar kan dock medf\u00f6ra betydande utmaningar speciellt f\u00f6r sm\u00e5 och medelstora f\u00f6retag, och en persons fr\u00e5nvaro kan p\u00e5verka hela f\u00f6retagets verksamhet. Kostnaderna kan synas s\u00e4rskilt n\u00e4r allt g\u00e5r bra, men det \u00e4r viktigt att granska dem ocks\u00e5 i f\u00f6rebyggande syfte.   <\/p>\n<p>Arbetstagaren kan vanligen uppleva att hens fr\u00e5nvaro inte har s\u00e5 stor betydelse f\u00f6r verksamheten och hen \u00e4r inte n\u00f6dv\u00e4ndigtvis medveten om sitt eget v\u00e4rde f\u00f6r produktiviteten i stort.<\/p>\n\t\t\t\t\t\t\t\t<\/div>\n\t\t\t\t<\/div>\n\t\t\t\t\t<\/div>\n\t\t\t\t<\/div>\n\t\t\t\t\t<\/div>\n\t\t\t\t<\/div>\n\t\t<div class=\"elementor-element elementor-element-049d43d e-con-full e-flex e-con e-parent\" data-id=\"049d43d\" data-element_type=\"container\" data-e-type=\"container\" data-settings=\"{&quot;background_background&quot;:&quot;classic&quot;}\">\n\t\t<div class=\"elementor-element elementor-element-e8333d5 e-flex e-con-boxed e-con e-child\" data-id=\"e8333d5\" data-element_type=\"container\" data-e-type=\"container\">\n\t\t\t\t\t<div class=\"e-con-inner\">\n\t\t<div class=\"elementor-element elementor-element-fe67b82 e-con-full e-flex e-con e-child\" data-id=\"fe67b82\" data-element_type=\"container\" data-e-type=\"container\" data-settings=\"{&quot;background_background&quot;:&quot;classic&quot;}\">\n\t\t\t\t<\/div>\n\t\t<div class=\"elementor-element elementor-element-f9766bd e-con-full e-flex e-con e-child\" data-id=\"f9766bd\" data-element_type=\"container\" data-e-type=\"container\" data-settings=\"{&quot;background_background&quot;:&quot;classic&quot;}\">\n\t\t\t\t<div class=\"elementor-element elementor-element-8dbb1b1 elementor-widget elementor-widget-text-editor\" data-id=\"8dbb1b1\" data-element_type=\"widget\" data-e-type=\"widget\" data-widget_type=\"text-editor.default\">\n\t\t\t\t<div class=\"elementor-widget-container\">\n\t\t\t\t\t\t\t\t\t<p>Kostnaden f\u00f6r en dags sjukskrivning \u00e4r i medeltal 450 euro f\u00f6r f\u00f6retaget om man tar alla kostnader som f\u00f6retaget st\u00e5r f\u00f6r i betraktande. H\u00e4r kan vi vara en god samarbetspartner f\u00f6r dig. Vi kan det d\u00e4r med f\u00f6rebyggande verksamhet och m\u00e5nar tillsammans med dig om arbetsh\u00e4lsan och arbetsf\u00f6rm\u00e5gan hos f\u00f6retagets viktigaste resurs, arbetstagaren.  <\/p>\n\t\t\t\t\t\t\t\t<\/div>\n\t\t\t\t<\/div>\n\t\t\t\t<div class=\"elementor-element elementor-element-2cef64b elementor-widget elementor-widget-button\" data-id=\"2cef64b\" data-element_type=\"widget\" data-e-type=\"widget\" data-widget_type=\"button.default\">\n\t\t\t\t<div class=\"elementor-widget-container\">\n\t\t\t\t\t\t\t\t\t<div class=\"elementor-button-wrapper\">\n\t\t\t\t\t<a class=\"elementor-button elementor-button-link elementor-size-sm\" href=\"https:\/\/laakarikeskusnero.fi\/sv\/foretagshalsovard\/bli-kund-hos-foretagshalsovarden\/kontakta-oss\/\">\n\t\t\t\t\t\t<span class=\"elementor-button-content-wrapper\">\n\t\t\t\t\t\t\t\t\t<span class=\"elementor-button-text\">Beg\u00e4r en offert<\/span>\n\t\t\t\t\t<\/span>\n\t\t\t\t\t<\/a>\n\t\t\t\t<\/div>\n\t\t\t\t\t\t\t\t<\/div>\n\t\t\t\t<\/div>\n\t\t\t\t<\/div>\n\t\t\t\t\t<\/div>\n\t\t\t\t<\/div>\n\t\t\t\t<\/div>\n\t\t\t\t<\/div>\n\t\t","protected":false},"excerpt":{"rendered":"<p>Kostnader Sjukskrivningar kan medf\u00f6ra betydande kostnader fast\u00e4n en enstaka fr\u00e5nvaro kan k\u00e4nnas obetydlig. Kostnaderna f\u00f6r f\u00f6retaget kan vara h\u00f6ga, men med effektiva f\u00f6rebyggande \u00e5tg\u00e4rder \u00e4r det m\u00f6jligt att s\u00e4nka dem k\u00e4nnbart. Sjukskrivning kostar 450 \u20ac per dag Finl\u00e4ndska arbetstagare \u00e4r i medeltal borta fr\u00e5n jobbet 5\u20137 dagar om \u00e5ret p\u00e5 grund av sjukdom. Sjukskrivningar kan [&hellip;]<\/p>\n","protected":false},"author":12,"featured_media":0,"parent":2654,"menu_order":0,"comment_status":"closed","ping_status":"closed","template":"","meta":{"_acf_changed":false,"footnotes":""},"class_list":["post-2668","page","type-page","status-publish","hentry"],"acf":[],"_links":{"self":[{"href":"https:\/\/laakarikeskusnero.fi\/sv\/wp-json\/wp\/v2\/pages\/2668","targetHints":{"allow":["GET"]}}],"collection":[{"href":"https:\/\/laakarikeskusnero.fi\/sv\/wp-json\/wp\/v2\/pages"}],"about":[{"href":"https:\/\/laakarikeskusnero.fi\/sv\/wp-json\/wp\/v2\/types\/page"}],"author":[{"embeddable":true,"href":"https:\/\/laakarikeskusnero.fi\/sv\/wp-json\/wp\/v2\/users\/12"}],"replies":[{"embeddable":true,"href":"https:\/\/laakarikeskusnero.fi\/sv\/wp-json\/wp\/v2\/comments?post=2668"}],"version-history":[{"count":3,"href":"https:\/\/laakarikeskusnero.fi\/sv\/wp-json\/wp\/v2\/pages\/2668\/revisions"}],"predecessor-version":[{"id":2671,"href":"https:\/\/laakarikeskusnero.fi\/sv\/wp-json\/wp\/v2\/pages\/2668\/revisions\/2671"}],"up":[{"embeddable":true,"href":"https:\/\/laakarikeskusnero.fi\/sv\/wp-json\/wp\/v2\/pages\/2654"}],"wp:attachment":[{"href":"https:\/\/laakarikeskusnero.fi\/sv\/wp-json\/wp\/v2\/media?parent=2668"}],"curies":[{"name":"wp","href":"https:\/\/api.w.org\/{rel}","templated":true}]}}