{"id":2654,"date":"2024-01-18T11:56:43","date_gmt":"2024-01-18T09:56:43","guid":{"rendered":"https:\/\/nero.wprod.cpn.fi\/foretagshalsovard\/bli-kund-hos-foretagshalsovarden\/"},"modified":"2024-04-03T19:25:29","modified_gmt":"2024-04-03T16:25:29","slug":"bli-kund-hos-foretagshalsovarden","status":"publish","type":"page","link":"https:\/\/laakarikeskusnero.fi\/sv\/foretagshalsovard\/bli-kund-hos-foretagshalsovarden\/","title":{"rendered":"Bli kund hos f\u00f6retagsh\u00e4lsov\u00e5rden"},"content":{"rendered":"\t\t<div data-elementor-type=\"wp-page\" data-elementor-id=\"2654\" class=\"elementor elementor-2654 elementor-616\" data-elementor-post-type=\"page\">\n\t\t\t\t<div class=\"elementor-element elementor-element-513ac1c e-con-full e-flex e-con e-parent\" data-id=\"513ac1c\" data-element_type=\"container\" data-e-type=\"container\" data-settings=\"{&quot;background_background&quot;:&quot;classic&quot;}\">\n\t\t<div class=\"elementor-element elementor-element-ff8c0d3 e-con-full e-flex e-con e-child\" data-id=\"ff8c0d3\" data-element_type=\"container\" data-e-type=\"container\" data-settings=\"{&quot;background_background&quot;:&quot;classic&quot;}\">\n\t\t\t\t<div class=\"elementor-element elementor-element-a2a22a1 elementor-widget elementor-widget-heading\" data-id=\"a2a22a1\" data-element_type=\"widget\" data-e-type=\"widget\" data-widget_type=\"heading.default\">\n\t\t\t\t<div class=\"elementor-widget-container\">\n\t\t\t\t\t<h1 class=\"elementor-heading-title elementor-size-default\">Bli kund hos f\u00f6retagsh\u00e4lsov\u00e5rden<\/h1>\t\t\t\t<\/div>\n\t\t\t\t<\/div>\n\t\t\t\t<div class=\"elementor-element elementor-element-92b56f9 elementor-widget elementor-widget-text-editor\" data-id=\"92b56f9\" data-element_type=\"widget\" data-e-type=\"widget\" data-widget_type=\"text-editor.default\">\n\t\t\t\t<div class=\"elementor-widget-container\">\n\t\t\t\t\t\t\t\t\t<p>Det finns m\u00e5nga slags behov av f\u00f6retagsh\u00e4lsov\u00e5rd, bland annat beroende p\u00e5 arbetsuppgifterna, arbetsf\u00e4ltet och personalstyrkan.   Bland v\u00e5ra m\u00e5ngsidiga paket f\u00f6r f\u00f6retagsh\u00e4lsov\u00e5rd kan vi erbjuda just dig ett inneh\u00e5ll som motsvarar behoven i ditt f\u00f6retag.<\/p>\n\t\t\t\t\t\t\t\t<\/div>\n\t\t\t\t<\/div>\n\t\t<div class=\"elementor-element elementor-element-df928dd e-flex e-con-boxed e-con e-child\" data-id=\"df928dd\" data-element_type=\"container\" data-e-type=\"container\">\n\t\t\t\t\t<div class=\"e-con-inner\">\n\t\t\t\t<div class=\"elementor-element elementor-element-58edda2 elementor-widget elementor-widget-button\" data-id=\"58edda2\" data-element_type=\"widget\" data-e-type=\"widget\" data-widget_type=\"button.default\">\n\t\t\t\t<div class=\"elementor-widget-container\">\n\t\t\t\t\t\t\t\t\t<div class=\"elementor-button-wrapper\">\n\t\t\t\t\t<a class=\"elementor-button elementor-button-link elementor-size-sm\" href=\"https:\/\/laakarikeskusnero.fi\/sv\/foretagshalsovard\/bli-kund-hos-foretagshalsovarden\/kontakta-oss\/\">\n\t\t\t\t\t\t<span class=\"elementor-button-content-wrapper\">\n\t\t\t\t\t\t\t\t\t<span class=\"elementor-button-text\">Beg\u00e4r en offert<\/span>\n\t\t\t\t\t<\/span>\n\t\t\t\t\t<\/a>\n\t\t\t\t<\/div>\n\t\t\t\t\t\t\t\t<\/div>\n\t\t\t\t<\/div>\n\t\t\t\t\t<\/div>\n\t\t\t\t<\/div>\n\t\t\t\t<\/div>\n\t\t<div class=\"elementor-element elementor-element-f2d5b6e e-con-full e-flex e-con e-child\" data-id=\"f2d5b6e\" data-element_type=\"container\" data-e-type=\"container\" data-settings=\"{&quot;background_background&quot;:&quot;classic&quot;}\">\n\t\t\t\t<\/div>\n\t\t\t\t<\/div>\n\t\t<div class=\"elementor-element elementor-element-43b0396 e-flex e-con-boxed e-con e-parent\" data-id=\"43b0396\" data-element_type=\"container\" data-e-type=\"container\">\n\t\t\t\t\t<div class=\"e-con-inner\">\n\t\t<div class=\"elementor-element elementor-element-98de8db e-flex e-con-boxed e-con e-child\" data-id=\"98de8db\" data-element_type=\"container\" data-e-type=\"container\">\n\t\t\t\t\t<div class=\"e-con-inner\">\n\t\t\t\t<div class=\"elementor-element elementor-element-f1957a5 elementor-widget elementor-widget-heading\" data-id=\"f1957a5\" data-element_type=\"widget\" data-e-type=\"widget\" data-widget_type=\"heading.default\">\n\t\t\t\t<div class=\"elementor-widget-container\">\n\t\t\t\t\t<h2 class=\"elementor-heading-title elementor-size-default\">Helt\u00e4ckande och skr\u00e4ddarsydda l\u00f6sningar<\/h2>\t\t\t\t<\/div>\n\t\t\t\t<\/div>\n\t\t\t\t<div class=\"elementor-element elementor-element-888c8fc elementor-widget elementor-widget-text-editor\" data-id=\"888c8fc\" data-element_type=\"widget\" data-e-type=\"widget\" data-widget_type=\"text-editor.default\">\n\t\t\t\t<div class=\"elementor-widget-container\">\n\t\t\t\t\t\t\t\t\t<p><span style=\"text-align: var(--text-align);\">V\u00e5ra standardpaket t\u00e4cker behov alltifr\u00e5n lagstadgade till helt\u00e4ckande. V\u00e5rt sakkunniga team \u00e4r redo att samarbeta med dig s\u00e5 att vi tillsammans kan hitta ett paket just f\u00f6r dig. V\u00e5r m\u00e5ls\u00e4ttning \u00e4r att erbjuda v\u00e5ra kunder helt\u00e4ckande och skr\u00e4ddarsydda l\u00f6sningar som p\u00e5 b\u00e4sta m\u00f6jliga s\u00e4tt svarar mot deras behov.<\/span><\/p>\n\t\t\t\t\t\t\t\t<\/div>\n\t\t\t\t<\/div>\n\t\t\t\t\t<\/div>\n\t\t\t\t<\/div>\n\t\t\t\t\t<\/div>\n\t\t\t\t<\/div>\n\t\t\t\t<\/div>\n\t\t","protected":false},"excerpt":{"rendered":"<p>Bli kund hos f\u00f6retagsh\u00e4lsov\u00e5rden Det finns m\u00e5nga slags behov av f\u00f6retagsh\u00e4lsov\u00e5rd, bland annat beroende p\u00e5 arbetsuppgifterna, arbetsf\u00e4ltet och personalstyrkan. Bland v\u00e5ra m\u00e5ngsidiga paket f\u00f6r f\u00f6retagsh\u00e4lsov\u00e5rd kan vi erbjuda just dig ett inneh\u00e5ll som motsvarar behoven i ditt f\u00f6retag. Beg\u00e4r en offert Helt\u00e4ckande och skr\u00e4ddarsydda l\u00f6sningar V\u00e5ra standardpaket t\u00e4cker behov alltifr\u00e5n lagstadgade till helt\u00e4ckande. V\u00e5rt sakkunniga [&hellip;]<\/p>\n","protected":false},"author":12,"featured_media":0,"parent":2616,"menu_order":0,"comment_status":"closed","ping_status":"closed","template":"","meta":{"_acf_changed":false,"footnotes":""},"class_list":["post-2654","page","type-page","status-publish","hentry"],"acf":[],"_links":{"self":[{"href":"https:\/\/laakarikeskusnero.fi\/sv\/wp-json\/wp\/v2\/pages\/2654","targetHints":{"allow":["GET"]}}],"collection":[{"href":"https:\/\/laakarikeskusnero.fi\/sv\/wp-json\/wp\/v2\/pages"}],"about":[{"href":"https:\/\/laakarikeskusnero.fi\/sv\/wp-json\/wp\/v2\/types\/page"}],"author":[{"embeddable":true,"href":"https:\/\/laakarikeskusnero.fi\/sv\/wp-json\/wp\/v2\/users\/12"}],"replies":[{"embeddable":true,"href":"https:\/\/laakarikeskusnero.fi\/sv\/wp-json\/wp\/v2\/comments?post=2654"}],"version-history":[{"count":7,"href":"https:\/\/laakarikeskusnero.fi\/sv\/wp-json\/wp\/v2\/pages\/2654\/revisions"}],"predecessor-version":[{"id":2661,"href":"https:\/\/laakarikeskusnero.fi\/sv\/wp-json\/wp\/v2\/pages\/2654\/revisions\/2661"}],"up":[{"embeddable":true,"href":"https:\/\/laakarikeskusnero.fi\/sv\/wp-json\/wp\/v2\/pages\/2616"}],"wp:attachment":[{"href":"https:\/\/laakarikeskusnero.fi\/sv\/wp-json\/wp\/v2\/media?parent=2654"}],"curies":[{"name":"wp","href":"https:\/\/api.w.org\/{rel}","templated":true}]}}