{"id":2630,"date":"2024-01-16T10:28:35","date_gmt":"2024-01-16T08:28:35","guid":{"rendered":"https:\/\/nero.wprod.cpn.fi\/valfardsomradena\/socialvardstjanster\/"},"modified":"2025-07-07T16:19:12","modified_gmt":"2025-07-07T13:19:12","slug":"socialvardstjanster","status":"publish","type":"page","link":"https:\/\/laakarikeskusnero.fi\/sv\/valfardsomradena\/socialvardstjanster\/","title":{"rendered":"Socialv\u00e5rdstj\u00e4nster"},"content":{"rendered":"\t\t<div data-elementor-type=\"wp-page\" data-elementor-id=\"2630\" class=\"elementor elementor-2630 elementor-541\" data-elementor-post-type=\"page\">\n\t\t\t\t<div class=\"elementor-element elementor-element-9248535 e-con-full e-flex e-con e-parent\" data-id=\"9248535\" data-element_type=\"container\" data-e-type=\"container\" data-settings=\"{&quot;background_background&quot;:&quot;classic&quot;}\">\n\t\t<div class=\"elementor-element elementor-element-3fbc87b e-con-full e-flex e-con e-child\" data-id=\"3fbc87b\" data-element_type=\"container\" data-e-type=\"container\" data-settings=\"{&quot;background_background&quot;:&quot;classic&quot;}\">\n\t\t\t\t<div class=\"elementor-element elementor-element-baa0dc2 elementor-widget elementor-widget-heading\" data-id=\"baa0dc2\" data-element_type=\"widget\" data-e-type=\"widget\" data-widget_type=\"heading.default\">\n\t\t\t\t<div class=\"elementor-widget-container\">\n\t\t\t\t\t<h1 class=\"elementor-heading-title elementor-size-default\">Socialv\u00e5rdstj\u00e4nster<\/h1>\t\t\t\t<\/div>\n\t\t\t\t<\/div>\n\t\t\t\t<div class=\"elementor-element elementor-element-a5add64 elementor-widget elementor-widget-text-editor\" data-id=\"a5add64\" data-element_type=\"widget\" data-e-type=\"widget\" data-widget_type=\"text-editor.default\">\n\t\t\t\t<div class=\"elementor-widget-container\">\n\t\t\t\t\t\t\t\t\t<p>Neros socialv\u00e5rdstj\u00e4nster omfattar hemv\u00e5rd, social rehabilitering och st\u00f6dboendetj\u00e4nster.<\/p>\n\t\t\t\t\t\t\t\t<\/div>\n\t\t\t\t<\/div>\n\t\t\t\t<\/div>\n\t\t<div class=\"elementor-element elementor-element-901555c e-con-full e-flex e-con e-child\" data-id=\"901555c\" data-element_type=\"container\" data-e-type=\"container\" data-settings=\"{&quot;background_background&quot;:&quot;classic&quot;}\">\n\t\t\t\t<\/div>\n\t\t\t\t<\/div>\n\t\t<div class=\"elementor-element elementor-element-8e89f28 e-flex e-con-boxed e-con e-parent\" data-id=\"8e89f28\" data-element_type=\"container\" data-e-type=\"container\">\n\t\t\t\t\t<div class=\"e-con-inner\">\n\t\t<div class=\"elementor-element elementor-element-2d722358 e-flex e-con-boxed e-con e-child\" data-id=\"2d722358\" data-element_type=\"container\" data-e-type=\"container\">\n\t\t\t\t\t<div class=\"e-con-inner\">\n\t\t\t\t<div class=\"elementor-element elementor-element-6746795b elementor-widget elementor-widget-heading\" data-id=\"6746795b\" data-element_type=\"widget\" data-e-type=\"widget\" data-widget_type=\"heading.default\">\n\t\t\t\t<div class=\"elementor-widget-container\">\n\t\t\t\t\t<h2 class=\"elementor-heading-title elementor-size-default\">St\u00f6d f\u00f6r livshantering<\/h2>\t\t\t\t<\/div>\n\t\t\t\t<\/div>\n\t\t\t\t<div class=\"elementor-element elementor-element-6ec2ef28 elementor-widget elementor-widget-text-editor\" data-id=\"6ec2ef28\" data-element_type=\"widget\" data-e-type=\"widget\" data-widget_type=\"text-editor.default\">\n\t\t\t\t<div class=\"elementor-widget-container\">\n\t\t\t\t\t\t\t\t\t<p><span style=\"text-align: var(--text-align);\">Social rehabilitering \u00e4r ett m\u00e5linriktat st\u00f6d s\u00e5 att klientens sociala funktionsf\u00f6rm\u00e5ga och livshantering ska kunna f\u00f6rst\u00e4rkas eller bibeh\u00e5llas. M\u00e5let \u00e4r att f\u00f6rebygga och minska utslagning samt att fr\u00e4mja delaktighet. <\/span><\/p>\n\t\t\t\t\t\t\t\t<\/div>\n\t\t\t\t<\/div>\n\t\t\t\t\t<\/div>\n\t\t\t\t<\/div>\n\t\t\t\t\t<\/div>\n\t\t\t\t<\/div>\n\t\t<div class=\"elementor-element elementor-element-1beefa82 e-con-full e-flex e-con e-parent\" data-id=\"1beefa82\" data-element_type=\"container\" data-e-type=\"container\" data-settings=\"{&quot;background_background&quot;:&quot;classic&quot;}\">\n\t\t<div class=\"elementor-element elementor-element-120e8d65 e-flex e-con-boxed e-con e-child\" data-id=\"120e8d65\" data-element_type=\"container\" data-e-type=\"container\" data-settings=\"{&quot;background_background&quot;:&quot;classic&quot;}\">\n\t\t\t\t\t<div class=\"e-con-inner\">\n\t\t<div class=\"elementor-element elementor-element-3d1b265 e-con-full e-flex e-con e-child\" data-id=\"3d1b265\" data-element_type=\"container\" data-e-type=\"container\" data-settings=\"{&quot;background_background&quot;:&quot;classic&quot;}\">\n\t\t\t\t<\/div>\n\t\t<div class=\"elementor-element elementor-element-72d45ac4 e-con-full e-flex e-con e-child\" data-id=\"72d45ac4\" data-element_type=\"container\" data-e-type=\"container\" data-settings=\"{&quot;background_background&quot;:&quot;classic&quot;}\">\n\t\t\t\t<div class=\"elementor-element elementor-element-4d1bf140 elementor-widget elementor-widget-heading\" data-id=\"4d1bf140\" data-element_type=\"widget\" data-e-type=\"widget\" data-widget_type=\"heading.default\">\n\t\t\t\t<div class=\"elementor-widget-container\">\n\t\t\t\t\t<h2 class=\"elementor-heading-title elementor-size-default\">M\u00e5ngsidig hj\u00e4lp<\/h2>\t\t\t\t<\/div>\n\t\t\t\t<\/div>\n\t\t\t\t<div class=\"elementor-element elementor-element-7fd35480 elementor-widget elementor-widget-text-editor\" data-id=\"7fd35480\" data-element_type=\"widget\" data-e-type=\"widget\" data-widget_type=\"text-editor.default\">\n\t\t\t\t<div class=\"elementor-widget-container\">\n\t\t\t\t\t\t\t\t\t<p>Social rehabilitering kan bland annat omfatta tr\u00e4ning i livshantering och i att klara av vardagssysslorna. V\u00e5r hemv\u00e5rd erbjuder st\u00f6d f\u00f6r ov\u00e4ntade eller l\u00e5ngvariga vardagsbehov. St\u00f6tt l\u00e5ngtidsboende i eget hem erbjuder samma boendeservice som ett rehabiliteringshem men i klientens eget hem.  <\/p>\n\t\t\t\t\t\t\t\t<\/div>\n\t\t\t\t<\/div>\n\t\t\t\t<div class=\"elementor-element elementor-element-44fdfb49 divider-after-cta elementor-widget-divider--view-line elementor-widget elementor-widget-divider\" data-id=\"44fdfb49\" data-element_type=\"widget\" data-e-type=\"widget\" data-widget_type=\"divider.default\">\n\t\t\t\t<div class=\"elementor-widget-container\">\n\t\t\t\t\t\t\t<div class=\"elementor-divider\">\n\t\t\t<span class=\"elementor-divider-separator\">\n\t\t\t\t\t\t<\/span>\n\t\t<\/div>\n\t\t\t\t\t\t<\/div>\n\t\t\t\t<\/div>\n\t\t\t\t<\/div>\n\t\t\t\t\t<\/div>\n\t\t\t\t<\/div>\n\t\t\t\t<\/div>\n\t\t\t\t<\/div>\n\t\t","protected":false},"excerpt":{"rendered":"<p>Socialv\u00e5rdstj\u00e4nster Neros socialv\u00e5rdstj\u00e4nster omfattar hemv\u00e5rd, social rehabilitering och st\u00f6dboendetj\u00e4nster. St\u00f6d f\u00f6r livshantering Social rehabilitering \u00e4r ett m\u00e5linriktat st\u00f6d s\u00e5 att klientens sociala funktionsf\u00f6rm\u00e5ga och livshantering ska kunna f\u00f6rst\u00e4rkas eller bibeh\u00e5llas. M\u00e5let \u00e4r att f\u00f6rebygga och minska utslagning samt att fr\u00e4mja delaktighet. M\u00e5ngsidig hj\u00e4lp Social rehabilitering kan bland annat omfatta tr\u00e4ning i livshantering och i att [&hellip;]<\/p>\n","protected":false},"author":12,"featured_media":0,"parent":2620,"menu_order":0,"comment_status":"closed","ping_status":"closed","template":"","meta":{"_acf_changed":false,"footnotes":""},"class_list":["post-2630","page","type-page","status-publish","hentry"],"acf":[],"_links":{"self":[{"href":"https:\/\/laakarikeskusnero.fi\/sv\/wp-json\/wp\/v2\/pages\/2630","targetHints":{"allow":["GET"]}}],"collection":[{"href":"https:\/\/laakarikeskusnero.fi\/sv\/wp-json\/wp\/v2\/pages"}],"about":[{"href":"https:\/\/laakarikeskusnero.fi\/sv\/wp-json\/wp\/v2\/types\/page"}],"author":[{"embeddable":true,"href":"https:\/\/laakarikeskusnero.fi\/sv\/wp-json\/wp\/v2\/users\/12"}],"replies":[{"embeddable":true,"href":"https:\/\/laakarikeskusnero.fi\/sv\/wp-json\/wp\/v2\/comments?post=2630"}],"version-history":[{"count":8,"href":"https:\/\/laakarikeskusnero.fi\/sv\/wp-json\/wp\/v2\/pages\/2630\/revisions"}],"predecessor-version":[{"id":4822,"href":"https:\/\/laakarikeskusnero.fi\/sv\/wp-json\/wp\/v2\/pages\/2630\/revisions\/4822"}],"up":[{"embeddable":true,"href":"https:\/\/laakarikeskusnero.fi\/sv\/wp-json\/wp\/v2\/pages\/2620"}],"wp:attachment":[{"href":"https:\/\/laakarikeskusnero.fi\/sv\/wp-json\/wp\/v2\/media?parent=2630"}],"curies":[{"name":"wp","href":"https:\/\/api.w.org\/{rel}","templated":true}]}}