{"id":2620,"date":"2024-01-15T13:26:28","date_gmt":"2024-01-15T11:26:28","guid":{"rendered":"https:\/\/nero.wprod.cpn.fi\/valfardsomradena\/"},"modified":"2024-08-02T13:23:15","modified_gmt":"2024-08-02T10:23:15","slug":"valfardsomradena","status":"publish","type":"page","link":"https:\/\/laakarikeskusnero.fi\/sv\/valfardsomradena\/","title":{"rendered":"V\u00e4lf\u00e4rdsomr\u00e5dena"},"content":{"rendered":"\t\t<div data-elementor-type=\"wp-page\" data-elementor-id=\"2620\" class=\"elementor elementor-2620 elementor-391\" data-elementor-post-type=\"page\">\n\t\t\t\t<div class=\"elementor-element elementor-element-377a8aa e-con-full e-flex e-con e-parent\" data-id=\"377a8aa\" data-element_type=\"container\" data-e-type=\"container\" data-settings=\"{&quot;background_background&quot;:&quot;classic&quot;}\">\n\t\t<div class=\"elementor-element elementor-element-4d4526b5 e-con-full e-flex e-con e-child\" data-id=\"4d4526b5\" data-element_type=\"container\" data-e-type=\"container\" data-settings=\"{&quot;background_background&quot;:&quot;classic&quot;}\">\n\t\t\t\t<div class=\"elementor-element elementor-element-6fb238ec elementor-widget elementor-widget-heading\" data-id=\"6fb238ec\" data-element_type=\"widget\" data-e-type=\"widget\" data-widget_type=\"heading.default\">\n\t\t\t\t<div class=\"elementor-widget-container\">\n\t\t\t\t\t<h1 class=\"elementor-heading-title elementor-size-default\">V\u00e4lf\u00e4rdsomr\u00e5dena<\/h1>\t\t\t\t<\/div>\n\t\t\t\t<\/div>\n\t\t\t\t<div class=\"elementor-element elementor-element-50a258eb elementor-widget elementor-widget-text-editor\" data-id=\"50a258eb\" data-element_type=\"widget\" data-e-type=\"widget\" data-widget_type=\"text-editor.default\">\n\t\t\t\t<div class=\"elementor-widget-container\">\n\t\t\t\t\t\t\t\t\t<p>Nero \u00e4r en partner som fr\u00e4mjar befolkningens h\u00e4lsa och ser till att man klarar sig i hemmet. Vi betj\u00e4nar ocks\u00e5 v\u00e4lf\u00e4rdsomr\u00e5dena.<\/p>\n\t\t\t\t\t\t\t\t<\/div>\n\t\t\t\t<\/div>\n\t\t\t\t<\/div>\n\t\t<div class=\"elementor-element elementor-element-10c9fd42 e-con-full e-flex e-con e-child\" data-id=\"10c9fd42\" data-element_type=\"container\" data-e-type=\"container\" data-settings=\"{&quot;background_background&quot;:&quot;classic&quot;}\">\n\t\t\t\t<\/div>\n\t\t\t\t<\/div>\n\t\t<div class=\"elementor-element elementor-element-52f5929 e-flex e-con-boxed e-con e-parent\" data-id=\"52f5929\" data-element_type=\"container\" data-e-type=\"container\">\n\t\t\t\t\t<div class=\"e-con-inner\">\n\t\t<div class=\"elementor-element elementor-element-62a3482f e-flex e-con-boxed e-con e-child\" data-id=\"62a3482f\" data-element_type=\"container\" data-e-type=\"container\">\n\t\t\t\t\t<div class=\"e-con-inner\">\n\t\t\t\t<div class=\"elementor-element elementor-element-1c4cd786 elementor-widget elementor-widget-heading\" data-id=\"1c4cd786\" data-element_type=\"widget\" data-e-type=\"widget\" data-widget_type=\"heading.default\">\n\t\t\t\t<div class=\"elementor-widget-container\">\n\t\t\t\t\t<h2 class=\"elementor-heading-title elementor-size-default\">I v\u00e4lf\u00e4rdsomr\u00e5denas tj\u00e4nst<\/h2>\t\t\t\t<\/div>\n\t\t\t\t<\/div>\n\t\t\t\t<div class=\"elementor-element elementor-element-63b42372 elementor-widget elementor-widget-text-editor\" data-id=\"63b42372\" data-element_type=\"widget\" data-e-type=\"widget\" data-widget_type=\"text-editor.default\">\n\t\t\t\t<div class=\"elementor-widget-container\">\n\t\t\t\t\t\t\t\t\t<p>Vi har ocks\u00e5 tid att hj\u00e4lpa v\u00e4lf\u00e4rdsomr\u00e5dena att betj\u00e4na sina inv\u00e5nare. V\u00e4lf\u00e4rdsomr\u00e5dena kan k\u00f6pa m\u00e5nga tj\u00e4nster av Nero. Kort om detta nedan.<\/p>\n\t\t\t\t\t\t\t\t<\/div>\n\t\t\t\t<\/div>\n\t\t\t\t\t<\/div>\n\t\t\t\t<\/div>\n\t\t\t\t\t<\/div>\n\t\t\t\t<\/div>\n\t\t<div class=\"elementor-element elementor-element-5d95d39a e-con-full e-flex e-con e-parent\" data-id=\"5d95d39a\" data-element_type=\"container\" data-e-type=\"container\" data-settings=\"{&quot;background_background&quot;:&quot;classic&quot;}\">\n\t\t<div class=\"elementor-element elementor-element-67ee4d3a e-flex e-con-boxed e-con e-child\" data-id=\"67ee4d3a\" data-element_type=\"container\" data-e-type=\"container\" data-settings=\"{&quot;background_background&quot;:&quot;classic&quot;}\">\n\t\t\t\t\t<div class=\"e-con-inner\">\n\t\t<div class=\"elementor-element elementor-element-6c47048f e-con-full e-flex e-con e-child\" data-id=\"6c47048f\" data-element_type=\"container\" data-e-type=\"container\" data-settings=\"{&quot;background_background&quot;:&quot;classic&quot;}\">\n\t\t\t\t<\/div>\n\t\t<div class=\"elementor-element elementor-element-73a35799 e-con-full e-flex e-con e-child\" data-id=\"73a35799\" data-element_type=\"container\" data-e-type=\"container\" data-settings=\"{&quot;background_background&quot;:&quot;classic&quot;}\">\n\t\t\t\t<div class=\"elementor-element elementor-element-693612a5 elementor-widget elementor-widget-heading\" data-id=\"693612a5\" data-element_type=\"widget\" data-e-type=\"widget\" data-widget_type=\"heading.default\">\n\t\t\t\t<div class=\"elementor-widget-container\">\n\t\t\t\t\t<h2 class=\"elementor-heading-title elementor-size-default\">Tid att v\u00e5rda i hemmet<\/h2>\t\t\t\t<\/div>\n\t\t\t\t<\/div>\n\t\t\t\t<div class=\"elementor-element elementor-element-7a80f49e elementor-widget elementor-widget-text-editor\" data-id=\"7a80f49e\" data-element_type=\"widget\" data-e-type=\"widget\" data-widget_type=\"text-editor.default\">\n\t\t\t\t<div class=\"elementor-widget-container\">\n\t\t\t\t\t\t\t\t\t<p>Hemsjukhuset g\u00f6r det m\u00f6jligt f\u00f6r sjukhusv\u00e5rden att forts\u00e4tta i patientens hem. Sjukhusv\u00e5rden i v\u00e4lf\u00e4rdsomr\u00e5dets lokaler kan undvikas helt och h\u00e5llet, till exempel p\u00e5 grund av platsbrist eller f\u00f6r att fr\u00e4mja rehabilitering. Trycket p\u00e5 sjukhusavdelningarna minskar och v\u00e5rdpersonalens b\u00f6rda l\u00e4ttar.  <\/p>\n\t\t\t\t\t\t\t\t<\/div>\n\t\t\t\t<\/div>\n\t\t\t\t<div class=\"elementor-element elementor-element-4c191258 divider-after-cta elementor-widget-divider--view-line elementor-widget elementor-widget-divider\" data-id=\"4c191258\" data-element_type=\"widget\" data-e-type=\"widget\" data-widget_type=\"divider.default\">\n\t\t\t\t<div class=\"elementor-widget-container\">\n\t\t\t\t\t\t\t<div class=\"elementor-divider\">\n\t\t\t<span class=\"elementor-divider-separator\">\n\t\t\t\t\t\t<\/span>\n\t\t<\/div>\n\t\t\t\t\t\t<\/div>\n\t\t\t\t<\/div>\n\t\t\t\t<\/div>\n\t\t\t\t\t<\/div>\n\t\t\t\t<\/div>\n\t\t<div class=\"elementor-element elementor-element-8da0570 e-flex e-con-boxed e-con e-child\" data-id=\"8da0570\" data-element_type=\"container\" data-e-type=\"container\" data-settings=\"{&quot;background_background&quot;:&quot;classic&quot;}\">\n\t\t\t\t\t<div class=\"e-con-inner\">\n\t\t<div class=\"elementor-element elementor-element-340c439b e-con-full e-flex e-con e-child\" data-id=\"340c439b\" data-element_type=\"container\" data-e-type=\"container\" data-settings=\"{&quot;background_background&quot;:&quot;classic&quot;}\">\n\t\t\t\t<div class=\"elementor-element elementor-element-7aaf608d elementor-widget elementor-widget-heading\" data-id=\"7aaf608d\" data-element_type=\"widget\" data-e-type=\"widget\" data-widget_type=\"heading.default\">\n\t\t\t\t<div class=\"elementor-widget-container\">\n\t\t\t\t\t<h2 class=\"elementor-heading-title elementor-size-default\">St\u00f6rre utbud av psykiatriska tj\u00e4nster<\/h2>\t\t\t\t<\/div>\n\t\t\t\t<\/div>\n\t\t\t\t<div class=\"elementor-element elementor-element-2d94c02 elementor-widget elementor-widget-text-editor\" data-id=\"2d94c02\" data-element_type=\"widget\" data-e-type=\"widget\" data-widget_type=\"text-editor.default\">\n\t\t\t\t<div class=\"elementor-widget-container\">\n\t\t\t\t\t\t\t\t\t<p>Helt\u00e4ckande tj\u00e4nster till hemmet underl\u00e4ttar situationen p\u00e5 v\u00e4lf\u00e4rdsomr\u00e5dena om det blir rusning av till exempel patienter som genomg\u00e5r psykisk rehabilitering. Nero erbjuder en unik m\u00f6jlighet att \u00f6ka utbudet av psykiatriska och m\u00e5ngsidiga tj\u00e4nster till regionens inv\u00e5nare. <\/p>\n\t\t\t\t\t\t\t\t<\/div>\n\t\t\t\t<\/div>\n\t\t\t\t<div class=\"elementor-element elementor-element-73e1b667 divider-after-cta elementor-widget-divider--view-line elementor-widget elementor-widget-divider\" data-id=\"73e1b667\" data-element_type=\"widget\" data-e-type=\"widget\" data-widget_type=\"divider.default\">\n\t\t\t\t<div class=\"elementor-widget-container\">\n\t\t\t\t\t\t\t<div class=\"elementor-divider\">\n\t\t\t<span class=\"elementor-divider-separator\">\n\t\t\t\t\t\t<\/span>\n\t\t<\/div>\n\t\t\t\t\t\t<\/div>\n\t\t\t\t<\/div>\n\t\t\t\t<\/div>\n\t\t<div class=\"elementor-element elementor-element-70ab8d04 e-con-full e-flex e-con e-child\" data-id=\"70ab8d04\" data-element_type=\"container\" data-e-type=\"container\" data-settings=\"{&quot;background_background&quot;:&quot;classic&quot;}\">\n\t\t\t\t<\/div>\n\t\t\t\t\t<\/div>\n\t\t\t\t<\/div>\n\t\t<div class=\"elementor-element elementor-element-63c71f9 e-flex e-con-boxed e-con e-child\" data-id=\"63c71f9\" data-element_type=\"container\" data-e-type=\"container\" data-settings=\"{&quot;background_background&quot;:&quot;classic&quot;}\">\n\t\t\t\t\t<div class=\"e-con-inner\">\n\t\t<div class=\"elementor-element elementor-element-0846447 e-con-full e-flex e-con e-child\" data-id=\"0846447\" data-element_type=\"container\" data-e-type=\"container\" data-settings=\"{&quot;background_background&quot;:&quot;classic&quot;}\">\n\t\t\t\t<\/div>\n\t\t<div class=\"elementor-element elementor-element-a35a119 e-con-full e-flex e-con e-child\" data-id=\"a35a119\" data-element_type=\"container\" data-e-type=\"container\" data-settings=\"{&quot;background_background&quot;:&quot;classic&quot;}\">\n\t\t\t\t<div class=\"elementor-element elementor-element-f3324cb elementor-widget elementor-widget-heading\" data-id=\"f3324cb\" data-element_type=\"widget\" data-e-type=\"widget\" data-widget_type=\"heading.default\">\n\t\t\t\t<div class=\"elementor-widget-container\">\n\t\t\t\t\t<h2 class=\"elementor-heading-title elementor-size-default\">St\u00f6d till hemmet eller boendeserviceenheten<\/h2>\t\t\t\t<\/div>\n\t\t\t\t<\/div>\n\t\t\t\t<div class=\"elementor-element elementor-element-8935c5b elementor-widget elementor-widget-text-editor\" data-id=\"8935c5b\" data-element_type=\"widget\" data-e-type=\"widget\" data-widget_type=\"text-editor.default\">\n\t\t\t\t<div class=\"elementor-widget-container\">\n\t\t\t\t\t\t\t\t\t<p>Nero erbjuder kvalitet, genomslagskraft och kostnadseffektivitet. V\u00e5ra sakkunniga kan ge en yrkeskunnig psykiatrisk utv\u00e4rdering i klientens hem eller i boendeserviceenheten till exempel vid sidan av socialarbetarens bed\u00f6mning. Klientens situation blir utv\u00e4rderad och omsk\u00f6tt och man kanske undviker en beg\u00e4ran om handr\u00e4ckning.   <\/p>\n\t\t\t\t\t\t\t\t<\/div>\n\t\t\t\t<\/div>\n\t\t\t\t<div class=\"elementor-element elementor-element-2876479 divider-after-cta elementor-widget-divider--view-line elementor-widget elementor-widget-divider\" data-id=\"2876479\" data-element_type=\"widget\" data-e-type=\"widget\" data-widget_type=\"divider.default\">\n\t\t\t\t<div class=\"elementor-widget-container\">\n\t\t\t\t\t\t\t<div class=\"elementor-divider\">\n\t\t\t<span class=\"elementor-divider-separator\">\n\t\t\t\t\t\t<\/span>\n\t\t<\/div>\n\t\t\t\t\t\t<\/div>\n\t\t\t\t<\/div>\n\t\t\t\t<\/div>\n\t\t\t\t\t<\/div>\n\t\t\t\t<\/div>\n\t\t<div class=\"elementor-element elementor-element-191726d e-flex e-con-boxed e-con e-child\" data-id=\"191726d\" data-element_type=\"container\" data-e-type=\"container\" data-settings=\"{&quot;background_background&quot;:&quot;classic&quot;}\">\n\t\t\t\t\t<div class=\"e-con-inner\">\n\t\t<div class=\"elementor-element elementor-element-b9e5e1a e-con-full e-flex e-con e-child\" data-id=\"b9e5e1a\" data-element_type=\"container\" data-e-type=\"container\" data-settings=\"{&quot;background_background&quot;:&quot;classic&quot;}\">\n\t\t\t\t<div class=\"elementor-element elementor-element-6b575b9 elementor-widget elementor-widget-heading\" data-id=\"6b575b9\" data-element_type=\"widget\" data-e-type=\"widget\" data-widget_type=\"heading.default\">\n\t\t\t\t<div class=\"elementor-widget-container\">\n\t\t\t\t\t<h2 class=\"elementor-heading-title elementor-size-default\">Vi k\u00e4nner v\u00e5ra klienter<\/h2>\t\t\t\t<\/div>\n\t\t\t\t<\/div>\n\t\t\t\t<div class=\"elementor-element elementor-element-89b5ceb elementor-widget elementor-widget-text-editor\" data-id=\"89b5ceb\" data-element_type=\"widget\" data-e-type=\"widget\" data-widget_type=\"text-editor.default\">\n\t\t\t\t<div class=\"elementor-widget-container\">\n\t\t\t\t\t\t\t\t\t<p>\u00d6verlappande funktioner beh\u00f6vs inte d\u00e5 den personliga sk\u00f6taren k\u00e4nner sin klient och hens individuella v\u00e5rd. Neros team b\u00e4r ansvar f\u00f6r sina klienters kroniska sjukdomar och kan p\u00e5 detta s\u00e4tt minska p\u00e5 behovet av resurser f\u00f6r sjukhus med specialiserad sjukv\u00e5rd. <\/p>\n\t\t\t\t\t\t\t\t<\/div>\n\t\t\t\t<\/div>\n\t\t\t\t<div class=\"elementor-element elementor-element-0a89148 divider-after-cta elementor-widget-divider--view-line elementor-widget elementor-widget-divider\" data-id=\"0a89148\" data-element_type=\"widget\" data-e-type=\"widget\" data-widget_type=\"divider.default\">\n\t\t\t\t<div class=\"elementor-widget-container\">\n\t\t\t\t\t\t\t<div class=\"elementor-divider\">\n\t\t\t<span class=\"elementor-divider-separator\">\n\t\t\t\t\t\t<\/span>\n\t\t<\/div>\n\t\t\t\t\t\t<\/div>\n\t\t\t\t<\/div>\n\t\t\t\t<\/div>\n\t\t<div class=\"elementor-element elementor-element-21977bd e-con-full e-flex e-con e-child\" data-id=\"21977bd\" data-element_type=\"container\" data-e-type=\"container\" data-settings=\"{&quot;background_background&quot;:&quot;classic&quot;}\">\n\t\t\t\t<\/div>\n\t\t\t\t\t<\/div>\n\t\t\t\t<\/div>\n\t\t\t\t<\/div>\n\t\t<div class=\"elementor-element elementor-element-54f13e21 e-flex e-con-boxed e-con e-parent\" data-id=\"54f13e21\" data-element_type=\"container\" data-e-type=\"container\">\n\t\t\t\t\t<div class=\"e-con-inner\">\n\t\t\t\t<div class=\"elementor-element elementor-element-367063bd elementor-widget elementor-widget-heading\" data-id=\"367063bd\" data-element_type=\"widget\" data-e-type=\"widget\" data-widget_type=\"heading.default\">\n\t\t\t\t<div class=\"elementor-widget-container\">\n\t\t\t\t\t<h2 class=\"elementor-heading-title elementor-size-default\">V\u00e5ra tj\u00e4nster<\/h2>\t\t\t\t<\/div>\n\t\t\t\t<\/div>\n\t\t<div class=\"elementor-element elementor-element-216b366f e-flex e-con-boxed e-con e-child\" data-id=\"216b366f\" data-element_type=\"container\" data-e-type=\"container\">\n\t\t\t\t\t<div class=\"e-con-inner\">\n\t\t\t\t<div class=\"elementor-element elementor-element-20965df elementor-widget elementor-widget-button\" data-id=\"20965df\" data-element_type=\"widget\" data-e-type=\"widget\" data-widget_type=\"button.default\">\n\t\t\t\t<div class=\"elementor-widget-container\">\n\t\t\t\t\t\t\t\t\t<div class=\"elementor-button-wrapper\">\n\t\t\t\t\t<a class=\"elementor-button elementor-button-link elementor-size-sm\" href=\"https:\/\/laakarikeskusnero.fi\/sv\/personklienter\/tjanster-for-privatklienter\/\">\n\t\t\t\t\t\t<span class=\"elementor-button-content-wrapper\">\n\t\t\t\t\t\t\t\t\t<span class=\"elementor-button-text\">Tj\u00e4nster f\u00f6r privatklienter<\/span>\n\t\t\t\t\t<\/span>\n\t\t\t\t\t<\/a>\n\t\t\t\t<\/div>\n\t\t\t\t\t\t\t\t<\/div>\n\t\t\t\t<\/div>\n\t\t\t\t<div class=\"elementor-element elementor-element-1d46a99b elementor-widget elementor-widget-button\" data-id=\"1d46a99b\" data-element_type=\"widget\" data-e-type=\"widget\" data-widget_type=\"button.default\">\n\t\t\t\t<div class=\"elementor-widget-container\">\n\t\t\t\t\t\t\t\t\t<div class=\"elementor-button-wrapper\">\n\t\t\t\t\t<a class=\"elementor-button elementor-button-link elementor-size-sm\" href=\"https:\/\/laakarikeskusnero.fi\/sv\/foretagshalsovard\/tjanster-inom-foretagshalsovarden\/\">\n\t\t\t\t\t\t<span class=\"elementor-button-content-wrapper\">\n\t\t\t\t\t\t\t\t\t<span class=\"elementor-button-text\">Tj\u00e4nster inom f\u00f6retagsh\u00e4lsov\u00e5rden<\/span>\n\t\t\t\t\t<\/span>\n\t\t\t\t\t<\/a>\n\t\t\t\t<\/div>\n\t\t\t\t\t\t\t\t<\/div>\n\t\t\t\t<\/div>\n\t\t\t\t<div class=\"elementor-element elementor-element-74633a37 elementor-widget elementor-widget-button\" data-id=\"74633a37\" data-element_type=\"widget\" data-e-type=\"widget\" data-widget_type=\"button.default\">\n\t\t\t\t<div class=\"elementor-widget-container\">\n\t\t\t\t\t\t\t\t\t<div class=\"elementor-button-wrapper\">\n\t\t\t\t\t<a class=\"elementor-button elementor-button-link elementor-size-sm\" href=\"https:\/\/laakarikeskusnero.fi\/sv\/valfardsomradena\/\">\n\t\t\t\t\t\t<span class=\"elementor-button-content-wrapper\">\n\t\t\t\t\t\t\t\t\t<span class=\"elementor-button-text\">Tj\u00e4nster inom v\u00e4lf\u00e4rdsomr\u00e5dena<\/span>\n\t\t\t\t\t<\/span>\n\t\t\t\t\t<\/a>\n\t\t\t\t<\/div>\n\t\t\t\t\t\t\t\t<\/div>\n\t\t\t\t<\/div>\n\t\t\t\t\t<\/div>\n\t\t\t\t<\/div>\n\t\t\t\t\t<\/div>\n\t\t\t\t<\/div>\n\t\t\t\t<\/div>\n\t\t","protected":false},"excerpt":{"rendered":"<p>V\u00e4lf\u00e4rdsomr\u00e5dena Nero \u00e4r en partner som fr\u00e4mjar befolkningens h\u00e4lsa och ser till att man klarar sig i hemmet. Vi betj\u00e4nar ocks\u00e5 v\u00e4lf\u00e4rdsomr\u00e5dena. I v\u00e4lf\u00e4rdsomr\u00e5denas tj\u00e4nst Vi har ocks\u00e5 tid att hj\u00e4lpa v\u00e4lf\u00e4rdsomr\u00e5dena att betj\u00e4na sina inv\u00e5nare. V\u00e4lf\u00e4rdsomr\u00e5dena kan k\u00f6pa m\u00e5nga tj\u00e4nster av Nero. Kort om detta nedan. Tid att v\u00e5rda i hemmet Hemsjukhuset g\u00f6r det [&hellip;]<\/p>\n","protected":false},"author":12,"featured_media":0,"parent":0,"menu_order":0,"comment_status":"closed","ping_status":"closed","template":"","meta":{"_acf_changed":false,"footnotes":""},"class_list":["post-2620","page","type-page","status-publish","hentry"],"acf":[],"_links":{"self":[{"href":"https:\/\/laakarikeskusnero.fi\/sv\/wp-json\/wp\/v2\/pages\/2620","targetHints":{"allow":["GET"]}}],"collection":[{"href":"https:\/\/laakarikeskusnero.fi\/sv\/wp-json\/wp\/v2\/pages"}],"about":[{"href":"https:\/\/laakarikeskusnero.fi\/sv\/wp-json\/wp\/v2\/types\/page"}],"author":[{"embeddable":true,"href":"https:\/\/laakarikeskusnero.fi\/sv\/wp-json\/wp\/v2\/users\/12"}],"replies":[{"embeddable":true,"href":"https:\/\/laakarikeskusnero.fi\/sv\/wp-json\/wp\/v2\/comments?post=2620"}],"version-history":[{"count":8,"href":"https:\/\/laakarikeskusnero.fi\/sv\/wp-json\/wp\/v2\/pages\/2620\/revisions"}],"predecessor-version":[{"id":3769,"href":"https:\/\/laakarikeskusnero.fi\/sv\/wp-json\/wp\/v2\/pages\/2620\/revisions\/3769"}],"wp:attachment":[{"href":"https:\/\/laakarikeskusnero.fi\/sv\/wp-json\/wp\/v2\/media?parent=2620"}],"curies":[{"name":"wp","href":"https:\/\/api.w.org\/{rel}","templated":true}]}}