{"id":2616,"date":"2024-01-15T13:26:12","date_gmt":"2024-01-15T11:26:12","guid":{"rendered":"https:\/\/nero.wprod.cpn.fi\/foretagshalsovard\/"},"modified":"2024-12-08T17:08:27","modified_gmt":"2024-12-08T15:08:27","slug":"foretagshalsovard","status":"publish","type":"page","link":"https:\/\/laakarikeskusnero.fi\/sv\/foretagshalsovard\/","title":{"rendered":"F\u00f6retagsh\u00e4lsov\u00e5rd"},"content":{"rendered":"\t\t<div data-elementor-type=\"wp-page\" data-elementor-id=\"2616\" class=\"elementor elementor-2616 elementor-389\" data-elementor-post-type=\"page\">\n\t\t\t\t<div class=\"elementor-element elementor-element-7187a6f6 e-con-full e-flex e-con e-parent\" data-id=\"7187a6f6\" data-element_type=\"container\" data-e-type=\"container\" data-settings=\"{&quot;background_background&quot;:&quot;classic&quot;}\">\n\t\t<div class=\"elementor-element elementor-element-130ace5d e-con-full e-flex e-con e-child\" data-id=\"130ace5d\" data-element_type=\"container\" data-e-type=\"container\" data-settings=\"{&quot;background_background&quot;:&quot;classic&quot;}\">\n\t\t\t\t<div class=\"elementor-element elementor-element-3aa51666 elementor-widget elementor-widget-heading\" data-id=\"3aa51666\" data-element_type=\"widget\" data-e-type=\"widget\" data-widget_type=\"heading.default\">\n\t\t\t\t<div class=\"elementor-widget-container\">\n\t\t\t\t\t<h1 class=\"elementor-heading-title elementor-size-default\">F\u00f6retagsh\u00e4lsov\u00e5rd<\/h1>\t\t\t\t<\/div>\n\t\t\t\t<\/div>\n\t\t\t\t<div class=\"elementor-element elementor-element-531b5576 elementor-widget elementor-widget-text-editor\" data-id=\"531b5576\" data-element_type=\"widget\" data-e-type=\"widget\" data-widget_type=\"text-editor.default\">\n\t\t\t\t<div class=\"elementor-widget-container\">\n\t\t\t\t\t\t\t\t\t<p>H\u00e4lsa \u00e4r mycket mer \u00e4n fysiskt v\u00e4lbefinnande. Vi tror p\u00e5 att arbete m\u00f6jligg\u00f6r rehabilitering &#8211; d\u00e5 vinner b\u00e5de arbetsgivaren och arbetstagaren. I oss f\u00e5r du en l\u00e4mplig partner som \u00e4r snabbt tillg\u00e4nglig, som fyller just dina behov och talar samma spr\u00e5k som du.\u00a0Vi vet vad b\u00e5de arbetsgivaren och arbetstagaren beh\u00f6ver f\u00f6r att kunna fungera p\u00e5 b\u00e4sta m\u00f6jliga s\u00e4tt.<\/p><p>Vi har tid f\u00f6r just dig och ditt f\u00f6retag.<\/p>\t\t\t\t\t\t\t\t<\/div>\n\t\t\t\t<\/div>\n\t\t<div class=\"elementor-element elementor-element-615e7482 e-flex e-con-boxed e-con e-child\" data-id=\"615e7482\" data-element_type=\"container\" data-e-type=\"container\">\n\t\t\t\t\t<div class=\"e-con-inner\">\n\t\t\t\t<div class=\"elementor-element elementor-element-63f2709f elementor-widget elementor-widget-button\" data-id=\"63f2709f\" data-element_type=\"widget\" data-e-type=\"widget\" data-widget_type=\"button.default\">\n\t\t\t\t<div class=\"elementor-widget-container\">\n\t\t\t\t\t\t\t\t\t<div class=\"elementor-button-wrapper\">\n\t\t\t\t\t<a class=\"elementor-button elementor-button-link elementor-size-sm\" href=\"https:\/\/laakarikeskusnero.fi\/sv\/foretagshalsovard\/bli-kund-hos-foretagshalsovarden\/kontakta-oss\/\">\n\t\t\t\t\t\t<span class=\"elementor-button-content-wrapper\">\n\t\t\t\t\t\t\t\t\t<span class=\"elementor-button-text\">Beg\u00e4r en offert p\u00e5 v\u00e5ra tj\u00e4nster<\/span>\n\t\t\t\t\t<\/span>\n\t\t\t\t\t<\/a>\n\t\t\t\t<\/div>\n\t\t\t\t\t\t\t\t<\/div>\n\t\t\t\t<\/div>\n\t\t\t\t\t<\/div>\n\t\t\t\t<\/div>\n\t\t\t\t<\/div>\n\t\t<div class=\"elementor-element elementor-element-76a26464 e-con-full e-flex e-con e-child\" data-id=\"76a26464\" data-element_type=\"container\" data-e-type=\"container\" data-settings=\"{&quot;background_background&quot;:&quot;classic&quot;}\">\n\t\t\t\t<\/div>\n\t\t\t\t<\/div>\n\t\t<div class=\"elementor-element elementor-element-7a5afe09 e-flex e-con-boxed e-con e-parent\" data-id=\"7a5afe09\" data-element_type=\"container\" data-e-type=\"container\">\n\t\t\t\t\t<div class=\"e-con-inner\">\n\t\t<div class=\"elementor-element elementor-element-55cc10ff e-flex e-con-boxed e-con e-child\" data-id=\"55cc10ff\" data-element_type=\"container\" data-e-type=\"container\">\n\t\t\t\t\t<div class=\"e-con-inner\">\n\t\t\t\t<div class=\"elementor-element elementor-element-12b8e04a elementor-widget elementor-widget-heading\" data-id=\"12b8e04a\" data-element_type=\"widget\" data-e-type=\"widget\" data-widget_type=\"heading.default\">\n\t\t\t\t<div class=\"elementor-widget-container\">\n\t\t\t\t\t<h2 class=\"elementor-heading-title elementor-size-default\">En lokal och professionell akt\u00f6r<\/h2>\t\t\t\t<\/div>\n\t\t\t\t<\/div>\n\t\t\t\t<div class=\"elementor-element elementor-element-14fc61b1 elementor-widget elementor-widget-text-editor\" data-id=\"14fc61b1\" data-element_type=\"widget\" data-e-type=\"widget\" data-widget_type=\"text-editor.default\">\n\t\t\t\t<div class=\"elementor-widget-container\">\n\t\t\t\t\t\t\t\t\t<p>Vi p\u00e5 L\u00e4karcentral Nero tar hand om dina arbetstagare, eftersom en v\u00e4lm\u00e5ende arbetsgemenskap \u00e4r h\u00f6rnstenen i ett framg\u00e5ngsrikt f\u00f6retag.<\/p><p>L\u00e4karcentral Nero erbjuder flexibla och f\u00f6rm\u00e5nliga f\u00f6retagsh\u00e4lsov\u00e5rdstj\u00e4nster \u00e5t f\u00f6retag i Vasaomr\u00e5det. Som en lokal f\u00f6retagsh\u00e4lsov\u00e5rdspartner anpassar vi oss till ditt f\u00f6retags behov. Din egen f\u00f6retagsh\u00e4lsov\u00e5rdare \u00e4r bara ett telefonsamtal bort och du har tillg\u00e5ng till ett multiprofessionellt f\u00f6retagsh\u00e4lsov\u00e5rdsteam som \u00e4r knutet till ditt f\u00f6retag. Med hj\u00e4lp av v\u00e5ra samarbetspartners kan vi \u00e4ven betj\u00e4na kunder som har arbetstagare ocks\u00e5 p\u00e5 andra orter.<\/p>\t\t\t\t\t\t\t\t<\/div>\n\t\t\t\t<\/div>\n\t\t\t\t\t<\/div>\n\t\t\t\t<\/div>\n\t\t\t\t\t<\/div>\n\t\t\t\t<\/div>\n\t\t<div class=\"elementor-element elementor-element-6077d8df e-con-full e-flex e-con e-parent\" data-id=\"6077d8df\" data-element_type=\"container\" data-e-type=\"container\" data-settings=\"{&quot;background_background&quot;:&quot;classic&quot;}\">\n\t\t<div class=\"elementor-element elementor-element-73c53a89 e-flex e-con-boxed e-con e-child\" data-id=\"73c53a89\" data-element_type=\"container\" data-e-type=\"container\" data-settings=\"{&quot;background_background&quot;:&quot;classic&quot;}\">\n\t\t\t\t\t<div class=\"e-con-inner\">\n\t\t<div class=\"elementor-element elementor-element-32abc682 e-con-full e-flex e-con e-child\" data-id=\"32abc682\" data-element_type=\"container\" data-e-type=\"container\" data-settings=\"{&quot;background_background&quot;:&quot;classic&quot;}\">\n\t\t\t\t<\/div>\n\t\t<div class=\"elementor-element elementor-element-22178b5d e-con-full e-flex e-con e-child\" data-id=\"22178b5d\" data-element_type=\"container\" data-e-type=\"container\" data-settings=\"{&quot;background_background&quot;:&quot;classic&quot;}\">\n\t\t\t\t<div class=\"elementor-element elementor-element-365b4a26 elementor-widget elementor-widget-heading\" data-id=\"365b4a26\" data-element_type=\"widget\" data-e-type=\"widget\" data-widget_type=\"heading.default\">\n\t\t\t\t<div class=\"elementor-widget-container\">\n\t\t\t\t\t<h2 class=\"elementor-heading-title elementor-size-default\">V\u00e4lj det l\u00e4mpligaste paketet f\u00f6r ditt f\u00f6retag<\/h2>\t\t\t\t<\/div>\n\t\t\t\t<\/div>\n\t\t\t\t<div class=\"elementor-element elementor-element-70fc8cbc elementor-widget elementor-widget-text-editor\" data-id=\"70fc8cbc\" data-element_type=\"widget\" data-e-type=\"widget\" data-widget_type=\"text-editor.default\">\n\t\t\t\t<div class=\"elementor-widget-container\">\n\t\t\t\t\t\t\t\t\t<p>L\u00e4karcentral Nero erbjuder fyra olika niv\u00e5er av f\u00f6retagsh\u00e4lsov\u00e5rdsavtal, varav vilka du kan v\u00e4lja det som passar b\u00e4st f\u00f6r ditt f\u00f6retag. Oavsett om ditt f\u00f6retag \u00e4r litet eller stort har vi den l\u00f6sning som b\u00e4st passar dina behov.<\/p><p>Vi hj\u00e4lper dig g\u00e4rna att v\u00e4lja r\u00e4tt f\u00f6retagsh\u00e4lsov\u00e5rdsl\u00f6sning f\u00f6r ditt f\u00f6retag. Kontakta oss p\u00e5 <a href=\"tel:0451016303\"><strong>045 101 6303<\/strong><\/a> eller l\u00e4mna enkelt in en kontaktf\u00f6rfr\u00e5gan via <strong><a href=\"https:\/\/nero.wprod.cpn.fi\/sv\/foretagshalsovard\/bli-kund-hos-foretagshalsovarden\/kontakta-oss\/\">formul\u00e4ret<\/a><\/strong>.<\/p>\t\t\t\t\t\t\t\t<\/div>\n\t\t\t\t<\/div>\n\t\t\t\t<div class=\"elementor-element elementor-element-2c4fcaae divider-after-cta elementor-widget-divider--view-line elementor-widget elementor-widget-divider\" data-id=\"2c4fcaae\" data-element_type=\"widget\" data-e-type=\"widget\" data-widget_type=\"divider.default\">\n\t\t\t\t<div class=\"elementor-widget-container\">\n\t\t\t\t\t\t\t<div class=\"elementor-divider\">\n\t\t\t<span class=\"elementor-divider-separator\">\n\t\t\t\t\t\t<\/span>\n\t\t<\/div>\n\t\t\t\t\t\t<\/div>\n\t\t\t\t<\/div>\n\t\t\t\t<\/div>\n\t\t\t\t\t<\/div>\n\t\t\t\t<\/div>\n\t\t<div class=\"elementor-element elementor-element-6c1b51f6 e-flex e-con-boxed e-con e-child\" data-id=\"6c1b51f6\" data-element_type=\"container\" data-e-type=\"container\" data-settings=\"{&quot;background_background&quot;:&quot;classic&quot;}\">\n\t\t\t\t\t<div class=\"e-con-inner\">\n\t\t<div class=\"elementor-element elementor-element-43d42e48 e-con-full e-flex e-con e-child\" data-id=\"43d42e48\" data-element_type=\"container\" data-e-type=\"container\" data-settings=\"{&quot;background_background&quot;:&quot;classic&quot;}\">\n\t\t\t\t<div class=\"elementor-element elementor-element-5dd6697a elementor-widget elementor-widget-heading\" data-id=\"5dd6697a\" data-element_type=\"widget\" data-e-type=\"widget\" data-widget_type=\"heading.default\">\n\t\t\t\t<div class=\"elementor-widget-container\">\n\t\t\t\t\t<h2 class=\"elementor-heading-title elementor-size-default\">En effektiv f\u00f6retagsh\u00e4lsov\u00e5rd medf\u00f6r besparingar<\/h2>\t\t\t\t<\/div>\n\t\t\t\t<\/div>\n\t\t\t\t<div class=\"elementor-element elementor-element-7ca00f6c elementor-widget elementor-widget-text-editor\" data-id=\"7ca00f6c\" data-element_type=\"widget\" data-e-type=\"widget\" data-widget_type=\"text-editor.default\">\n\t\t\t\t<div class=\"elementor-widget-container\">\n\t\t\t\t\t\t\t\t\t<p>Har kostnaderna f\u00f6r f\u00f6retagsh\u00e4lsov\u00e5rdstj\u00e4nsterna stigit f\u00f6r mycket? L\u00e4karcentral Nero erbjuder konkurrenskraftiga priser som hj\u00e4lper dig att h\u00e5lla ditt f\u00f6retags kostnader under kontroll. Hos oss f\u00e5r du valuta f\u00f6r pengarna \u2013 med effektiv expertis inom arbetsf\u00f6rm\u00e5ga och ett erfaret f\u00f6retagsh\u00e4lsov\u00e5rdsteam.<\/p><h3>Besparingar f\u00f6r varje f\u00f6rebyggd sjukdag<\/h3><p>Visste du att en dags sjukfr\u00e5nvaro kostar ditt f\u00f6retag cirka 450\u20ac? Neros planerade och f\u00f6rebyggande f\u00f6retagsh\u00e4lsov\u00e5rd bidrar till att avsev\u00e4rt minska sjukfr\u00e5nvaron, vilket direkt leder till besparingar f\u00f6r ditt f\u00f6retag.<\/p><h3>Dra enkelt nytta av FPA-ers\u00e4ttningarna<\/h3><p>FPA ers\u00e4tter 60% av kostnaderna f\u00f6r f\u00f6rebyggande f\u00f6retagsh\u00e4lsov\u00e5rd och 50% av kostnaderna f\u00f6r sjukv\u00e5rd, f\u00f6rutsatt att f\u00f6retagets arbetsplatsutredning \u00e4r gjord och att f\u00f6retagsh\u00e4lsov\u00e5rdens verksamhetsplan \u00e4r i kraft. Vi hj\u00e4lper dig att ans\u00f6ka om ers\u00e4ttningarna s\u00e5 att du kan utnyttja dessa f\u00f6rm\u00e5ner utan problem.<\/p>\t\t\t\t\t\t\t\t<\/div>\n\t\t\t\t<\/div>\n\t\t\t\t<div class=\"elementor-element elementor-element-5f6c756 elementor-widget elementor-widget-button\" data-id=\"5f6c756\" data-element_type=\"widget\" data-e-type=\"widget\" data-widget_type=\"button.default\">\n\t\t\t\t<div class=\"elementor-widget-container\">\n\t\t\t\t\t\t\t\t\t<div class=\"elementor-button-wrapper\">\n\t\t\t\t\t<a class=\"elementor-button elementor-button-link elementor-size-sm\" href=\"https:\/\/nero.wprod.cpn.fi\/wp-content\/uploads\/2024\/12\/Nero-prislista-20250101-foretagshalsovard.pdf\">\n\t\t\t\t\t\t<span class=\"elementor-button-content-wrapper\">\n\t\t\t\t\t\t\t\t\t<span class=\"elementor-button-text\">Se v\u00e5r prislista f\u00f6r f\u00f6retagsh\u00e4lsov\u00e5rd<\/span>\n\t\t\t\t\t<\/span>\n\t\t\t\t\t<\/a>\n\t\t\t\t<\/div>\n\t\t\t\t\t\t\t\t<\/div>\n\t\t\t\t<\/div>\n\t\t\t\t<div class=\"elementor-element elementor-element-158dcc92 divider-after-cta elementor-widget-divider--view-line elementor-widget elementor-widget-divider\" data-id=\"158dcc92\" data-element_type=\"widget\" data-e-type=\"widget\" data-widget_type=\"divider.default\">\n\t\t\t\t<div class=\"elementor-widget-container\">\n\t\t\t\t\t\t\t<div class=\"elementor-divider\">\n\t\t\t<span class=\"elementor-divider-separator\">\n\t\t\t\t\t\t<\/span>\n\t\t<\/div>\n\t\t\t\t\t\t<\/div>\n\t\t\t\t<\/div>\n\t\t\t\t<\/div>\n\t\t<div class=\"elementor-element elementor-element-105cbdf3 e-con-full e-flex e-con e-child\" data-id=\"105cbdf3\" data-element_type=\"container\" data-e-type=\"container\" data-settings=\"{&quot;background_background&quot;:&quot;classic&quot;}\">\n\t\t\t\t<\/div>\n\t\t\t\t\t<\/div>\n\t\t\t\t<\/div>\n\t\t\t\t<\/div>\n\t\t<div class=\"elementor-element elementor-element-6690c77b e-con-full e-flex e-con e-parent\" data-id=\"6690c77b\" data-element_type=\"container\" data-e-type=\"container\" data-settings=\"{&quot;background_background&quot;:&quot;classic&quot;}\">\n\t\t<div class=\"elementor-element elementor-element-4e44a8e4 e-flex e-con-boxed e-con e-child\" data-id=\"4e44a8e4\" data-element_type=\"container\" data-e-type=\"container\">\n\t\t\t\t\t<div class=\"e-con-inner\">\n\t\t<div class=\"elementor-element elementor-element-47f0b48c e-con-full e-flex e-con e-child\" data-id=\"47f0b48c\" data-element_type=\"container\" data-e-type=\"container\" data-settings=\"{&quot;background_background&quot;:&quot;classic&quot;}\">\n\t\t\t\t<\/div>\n\t\t<div class=\"elementor-element elementor-element-73950c86 e-con-full e-flex e-con e-child\" data-id=\"73950c86\" data-element_type=\"container\" data-e-type=\"container\" data-settings=\"{&quot;background_background&quot;:&quot;classic&quot;}\">\n\t\t\t\t<div class=\"elementor-element elementor-element-2bf5e77b elementor-widget elementor-widget-heading\" data-id=\"2bf5e77b\" data-element_type=\"widget\" data-e-type=\"widget\" data-widget_type=\"heading.default\">\n\t\t\t\t<div class=\"elementor-widget-container\">\n\t\t\t\t\t<h2 class=\"elementor-heading-title elementor-size-default\">Hos Nero betyder ledning av arbetsf\u00f6rm\u00e5ga:<\/h2>\t\t\t\t<\/div>\n\t\t\t\t<\/div>\n\t\t\t\t<div class=\"elementor-element elementor-element-6ffce412 elementor-widget elementor-widget-text-editor\" data-id=\"6ffce412\" data-element_type=\"widget\" data-e-type=\"widget\" data-widget_type=\"text-editor.default\">\n\t\t\t\t<div class=\"elementor-widget-container\">\n\t\t\t\t\t\t\t\t\t<ul><li>Skr\u00e4ddarsytt st\u00f6d f\u00f6r ditt f\u00f6retag<\/li><li>F\u00f6rebyggande av sjukfr\u00e5nvaro<\/li><li>Individuellt st\u00f6d f\u00f6r alla arbetstagare<\/li><li>Utnyttja data med hj\u00e4lp av tekniska l\u00f6sningar<\/li><li>Att f\u00f6rl\u00e4nga arbetskarri\u00e4ren<\/li><\/ul>\t\t\t\t\t\t\t\t<\/div>\n\t\t\t\t<\/div>\n\t\t\t\t<div class=\"elementor-element elementor-element-26e65bfb elementor-widget elementor-widget-button\" data-id=\"26e65bfb\" data-element_type=\"widget\" data-e-type=\"widget\" data-widget_type=\"button.default\">\n\t\t\t\t<div class=\"elementor-widget-container\">\n\t\t\t\t\t\t\t\t\t<div class=\"elementor-button-wrapper\">\n\t\t\t\t\t<a class=\"elementor-button elementor-button-link elementor-size-sm\" href=\"tel:0451016303\">\n\t\t\t\t\t\t<span class=\"elementor-button-content-wrapper\">\n\t\t\t\t\t\t\t\t\t<span class=\"elementor-button-text\">Ring oss<\/span>\n\t\t\t\t\t<\/span>\n\t\t\t\t\t<\/a>\n\t\t\t\t<\/div>\n\t\t\t\t\t\t\t\t<\/div>\n\t\t\t\t<\/div>\n\t\t\t\t<div class=\"elementor-element elementor-element-32ab121 elementor-widget elementor-widget-button\" data-id=\"32ab121\" data-element_type=\"widget\" data-e-type=\"widget\" data-widget_type=\"button.default\">\n\t\t\t\t<div class=\"elementor-widget-container\">\n\t\t\t\t\t\t\t\t\t<div class=\"elementor-button-wrapper\">\n\t\t\t\t\t<a class=\"elementor-button elementor-button-link elementor-size-sm\" href=\"https:\/\/nero.wprod.cpn.fi\/sv\/foretagshalsovard\/bli-kund-hos-foretagshalsovarden\/kontakta-oss\/\">\n\t\t\t\t\t\t<span class=\"elementor-button-content-wrapper\">\n\t\t\t\t\t\t\t\t\t<span class=\"elementor-button-text\">\u00d6ppna kontaktformul\u00e4ret<\/span>\n\t\t\t\t\t<\/span>\n\t\t\t\t\t<\/a>\n\t\t\t\t<\/div>\n\t\t\t\t\t\t\t\t<\/div>\n\t\t\t\t<\/div>\n\t\t\t\t<\/div>\n\t\t\t\t\t<\/div>\n\t\t\t\t<\/div>\n\t\t\t\t<\/div>\n\t\t<div class=\"elementor-element elementor-element-4f05734 e-flex e-con-boxed e-con e-parent\" data-id=\"4f05734\" data-element_type=\"container\" data-e-type=\"container\">\n\t\t\t\t\t<div class=\"e-con-inner\">\n\t\t<div class=\"elementor-element elementor-element-63929065 e-flex e-con-boxed e-con e-child\" data-id=\"63929065\" data-element_type=\"container\" data-e-type=\"container\">\n\t\t\t\t\t<div class=\"e-con-inner\">\n\t\t\t\t<div class=\"elementor-element elementor-element-2bc6e2bc elementor-widget elementor-widget-heading\" data-id=\"2bc6e2bc\" data-element_type=\"widget\" data-e-type=\"widget\" data-widget_type=\"heading.default\">\n\t\t\t\t<div class=\"elementor-widget-container\">\n\t\t\t\t\t<h2 class=\"elementor-heading-title elementor-size-default\">Nero f\u00f6rklarar saker s\u00e5 att du f\u00f6rst\u00e5r<\/h2>\t\t\t\t<\/div>\n\t\t\t\t<\/div>\n\t\t\t\t<div class=\"elementor-element elementor-element-7e97150c elementor-widget elementor-widget-text-editor\" data-id=\"7e97150c\" data-element_type=\"widget\" data-e-type=\"widget\" data-widget_type=\"text-editor.default\">\n\t\t\t\t<div class=\"elementor-widget-container\">\n\t\t\t\t\t\t\t\t\t<p><em>\u201cDet var f\u00f6rst med Neros Hj\u00e4lp som jag f\u00f6rstod den grundl\u00e4ggande betydelsen av f\u00f6retagsh\u00e4lsov\u00e5rd och dess f\u00f6rdelar f\u00f6r mitt f\u00f6retag. Nero \u00e4r den f\u00f6rsta f\u00f6retagsh\u00e4lsov\u00e5rdspartnern som f\u00f6rklarade saker p\u00e5 ett s\u00e4tt som verkligen \u00f6ppnade upp saker och ting. Jag har nu en separat mapp f\u00f6r f\u00f6retagsh\u00e4lsov\u00e5rdsfr\u00e5gor p\u00e5 arbetsplatsen.\u201d<\/em><\/p><p><strong>\u2013 Man som varit f\u00f6retagare i 20 \u00e5r<\/strong><\/p>\t\t\t\t\t\t\t\t<\/div>\n\t\t\t\t<\/div>\n\t\t\t\t\t<\/div>\n\t\t\t\t<\/div>\n\t\t\t\t\t<\/div>\n\t\t\t\t<\/div>\n\t\t<div class=\"elementor-element elementor-element-7b1b6dfc e-con-full e-flex e-con e-parent\" data-id=\"7b1b6dfc\" data-element_type=\"container\" data-e-type=\"container\" data-settings=\"{&quot;background_background&quot;:&quot;classic&quot;}\">\n\t\t<div class=\"elementor-element elementor-element-767767e2 e-flex e-con-boxed e-con e-child\" data-id=\"767767e2\" data-element_type=\"container\" data-e-type=\"container\" data-settings=\"{&quot;background_background&quot;:&quot;classic&quot;}\">\n\t\t\t\t\t<div class=\"e-con-inner\">\n\t\t<div class=\"elementor-element elementor-element-772247e7 e-con-full e-flex e-con e-child\" data-id=\"772247e7\" data-element_type=\"container\" data-e-type=\"container\" data-settings=\"{&quot;background_background&quot;:&quot;classic&quot;}\">\n\t\t\t\t<div class=\"elementor-element elementor-element-7ffafd7b elementor-widget elementor-widget-heading\" data-id=\"7ffafd7b\" data-element_type=\"widget\" data-e-type=\"widget\" data-widget_type=\"heading.default\">\n\t\t\t\t<div class=\"elementor-widget-container\">\n\t\t\t\t\t<h2 class=\"elementor-heading-title elementor-size-default\">Omfattande psykiatriska st\u00f6dtj\u00e4nster<\/h2>\t\t\t\t<\/div>\n\t\t\t\t<\/div>\n\t\t\t\t<div class=\"elementor-element elementor-element-527cd5da elementor-widget elementor-widget-text-editor\" data-id=\"527cd5da\" data-element_type=\"widget\" data-e-type=\"widget\" data-widget_type=\"text-editor.default\">\n\t\t\t\t<div class=\"elementor-widget-container\">\n\t\t\t\t\t\t\t\t\t<p>P\u00e5 Nero har vi en lokalt stark och omfattande expertis samt s\u00e4rskild beredskap att v\u00e5rda utmaningar inom psykisk h\u00e4lsa. Vi erbjuder omfattande psykiatriska st\u00f6dtj\u00e4nster och vid behov ocks\u00e5 hemsjukhusv\u00e5rd.<\/p>\t\t\t\t\t\t\t\t<\/div>\n\t\t\t\t<\/div>\n\t\t\t\t<div class=\"elementor-element elementor-element-6989d43 divider-after-cta elementor-widget-divider--view-line elementor-widget elementor-widget-divider\" data-id=\"6989d43\" data-element_type=\"widget\" data-e-type=\"widget\" data-widget_type=\"divider.default\">\n\t\t\t\t<div class=\"elementor-widget-container\">\n\t\t\t\t\t\t\t<div class=\"elementor-divider\">\n\t\t\t<span class=\"elementor-divider-separator\">\n\t\t\t\t\t\t<\/span>\n\t\t<\/div>\n\t\t\t\t\t\t<\/div>\n\t\t\t\t<\/div>\n\t\t\t\t<\/div>\n\t\t<div class=\"elementor-element elementor-element-46c20829 e-con-full e-flex e-con e-child\" data-id=\"46c20829\" data-element_type=\"container\" data-e-type=\"container\" data-settings=\"{&quot;background_background&quot;:&quot;classic&quot;}\">\n\t\t\t\t<\/div>\n\t\t\t\t\t<\/div>\n\t\t\t\t<\/div>\n\t\t\t\t<\/div>\n\t\t<div class=\"elementor-element elementor-element-4471a735 e-flex e-con-boxed e-con e-parent\" data-id=\"4471a735\" data-element_type=\"container\" data-e-type=\"container\">\n\t\t\t\t\t<div class=\"e-con-inner\">\n\t\t\t\t<div class=\"elementor-element elementor-element-3813a3bc elementor-widget elementor-widget-heading\" data-id=\"3813a3bc\" data-element_type=\"widget\" data-e-type=\"widget\" data-widget_type=\"heading.default\">\n\t\t\t\t<div class=\"elementor-widget-container\">\n\t\t\t\t\t<h2 class=\"elementor-heading-title elementor-size-default\">V\u00e5ra tj\u00e4nster<\/h2>\t\t\t\t<\/div>\n\t\t\t\t<\/div>\n\t\t<div class=\"elementor-element elementor-element-20b0d3d2 e-flex e-con-boxed e-con e-child\" data-id=\"20b0d3d2\" data-element_type=\"container\" data-e-type=\"container\">\n\t\t\t\t\t<div class=\"e-con-inner\">\n\t\t\t\t<div class=\"elementor-element elementor-element-1d82ed6a elementor-widget elementor-widget-button\" data-id=\"1d82ed6a\" data-element_type=\"widget\" data-e-type=\"widget\" data-widget_type=\"button.default\">\n\t\t\t\t<div class=\"elementor-widget-container\">\n\t\t\t\t\t\t\t\t\t<div class=\"elementor-button-wrapper\">\n\t\t\t\t\t<a class=\"elementor-button elementor-button-link elementor-size-sm\" href=\"https:\/\/laakarikeskusnero.fi\/sv\/personklienter\/tjanster-for-privatklienter\/\">\n\t\t\t\t\t\t<span class=\"elementor-button-content-wrapper\">\n\t\t\t\t\t\t\t\t\t<span class=\"elementor-button-text\">Tj\u00e4nster f\u00f6r privatklienter<\/span>\n\t\t\t\t\t<\/span>\n\t\t\t\t\t<\/a>\n\t\t\t\t<\/div>\n\t\t\t\t\t\t\t\t<\/div>\n\t\t\t\t<\/div>\n\t\t\t\t<div class=\"elementor-element elementor-element-3dd5ee08 elementor-widget elementor-widget-button\" data-id=\"3dd5ee08\" data-element_type=\"widget\" data-e-type=\"widget\" data-widget_type=\"button.default\">\n\t\t\t\t<div class=\"elementor-widget-container\">\n\t\t\t\t\t\t\t\t\t<div class=\"elementor-button-wrapper\">\n\t\t\t\t\t<a class=\"elementor-button elementor-button-link elementor-size-sm\" href=\"https:\/\/laakarikeskusnero.fi\/sv\/foretagshalsovard\/tjanster-inom-foretagshalsovarden\/\">\n\t\t\t\t\t\t<span class=\"elementor-button-content-wrapper\">\n\t\t\t\t\t\t\t\t\t<span class=\"elementor-button-text\">Tj\u00e4nster inom f\u00f6retagsh\u00e4lsov\u00e5rden<\/span>\n\t\t\t\t\t<\/span>\n\t\t\t\t\t<\/a>\n\t\t\t\t<\/div>\n\t\t\t\t\t\t\t\t<\/div>\n\t\t\t\t<\/div>\n\t\t\t\t<div class=\"elementor-element elementor-element-60fff7e elementor-widget elementor-widget-button\" data-id=\"60fff7e\" data-element_type=\"widget\" data-e-type=\"widget\" data-widget_type=\"button.default\">\n\t\t\t\t<div class=\"elementor-widget-container\">\n\t\t\t\t\t\t\t\t\t<div class=\"elementor-button-wrapper\">\n\t\t\t\t\t<a class=\"elementor-button elementor-button-link elementor-size-sm\" href=\"https:\/\/laakarikeskusnero.fi\/sv\/valfardsomradena\/\">\n\t\t\t\t\t\t<span class=\"elementor-button-content-wrapper\">\n\t\t\t\t\t\t\t\t\t<span class=\"elementor-button-text\">Tj\u00e4nster inom v\u00e4lf\u00e4rdsomr\u00e5dena<\/span>\n\t\t\t\t\t<\/span>\n\t\t\t\t\t<\/a>\n\t\t\t\t<\/div>\n\t\t\t\t\t\t\t\t<\/div>\n\t\t\t\t<\/div>\n\t\t\t\t\t<\/div>\n\t\t\t\t<\/div>\n\t\t\t\t\t<\/div>\n\t\t\t\t<\/div>\n\t\t\t\t<\/div>\n\t\t","protected":false},"excerpt":{"rendered":"<p>F\u00f6retagsh\u00e4lsov\u00e5rd H\u00e4lsa \u00e4r mycket mer \u00e4n fysiskt v\u00e4lbefinnande. Vi tror p\u00e5 att arbete m\u00f6jligg\u00f6r rehabilitering &#8211; d\u00e5 vinner b\u00e5de arbetsgivaren och arbetstagaren. I oss f\u00e5r du en l\u00e4mplig partner som \u00e4r snabbt tillg\u00e4nglig, som fyller just dina behov och talar samma spr\u00e5k som du.\u00a0Vi vet vad b\u00e5de arbetsgivaren och arbetstagaren beh\u00f6ver f\u00f6r att kunna fungera [&hellip;]<\/p>\n","protected":false},"author":12,"featured_media":0,"parent":0,"menu_order":0,"comment_status":"closed","ping_status":"closed","template":"","meta":{"_acf_changed":false,"footnotes":""},"class_list":["post-2616","page","type-page","status-publish","hentry"],"acf":[],"_links":{"self":[{"href":"https:\/\/laakarikeskusnero.fi\/sv\/wp-json\/wp\/v2\/pages\/2616","targetHints":{"allow":["GET"]}}],"collection":[{"href":"https:\/\/laakarikeskusnero.fi\/sv\/wp-json\/wp\/v2\/pages"}],"about":[{"href":"https:\/\/laakarikeskusnero.fi\/sv\/wp-json\/wp\/v2\/types\/page"}],"author":[{"embeddable":true,"href":"https:\/\/laakarikeskusnero.fi\/sv\/wp-json\/wp\/v2\/users\/12"}],"replies":[{"embeddable":true,"href":"https:\/\/laakarikeskusnero.fi\/sv\/wp-json\/wp\/v2\/comments?post=2616"}],"version-history":[{"count":25,"href":"https:\/\/laakarikeskusnero.fi\/sv\/wp-json\/wp\/v2\/pages\/2616\/revisions"}],"predecessor-version":[{"id":4563,"href":"https:\/\/laakarikeskusnero.fi\/sv\/wp-json\/wp\/v2\/pages\/2616\/revisions\/4563"}],"wp:attachment":[{"href":"https:\/\/laakarikeskusnero.fi\/sv\/wp-json\/wp\/v2\/media?parent=2616"}],"curies":[{"name":"wp","href":"https:\/\/api.w.org\/{rel}","templated":true}]}}